{"id":264674,"date":"2024-03-08T07:09:20","date_gmt":"2024-03-08T06:09:20","guid":{"rendered":"https:\/\/megacase.com\/?post_type=product&#038;p=264674"},"modified":"2026-03-25T16:46:21","modified_gmt":"2026-03-25T15:46:21","slug":"pedalcase-kemper-profile-player-ep1","status":"publish","type":"product","link":"https:\/\/megacase.com\/de\/produkt\/pedalcase-kemper-profile-player-ep1\/","title":{"rendered":"Pedalcase Kemper Profile Player + EP1"},"content":{"rendered":"<p>Case passend f\u00fcr Kemper Profiler Player + Mission Engineering EP1<br \/>\nmit einem 10 cm Kabelkanal hinter dem Ger\u00e4t.<br \/>\nDas Ger\u00e4t ist im Case spielbar.<\/p>\n<p>6,8 mm Multiplex Phenol braun<br \/>\n22&#215;22 mm Alukante<br \/>\n4 L-Ecke medium<br \/>\n2 Butterfly mini<br \/>\n1 Koffergriff<br \/>\n4 Kugelecke klein<br \/>\n4 Kugelecke klein mit L-Ecke<br \/>\n4 Gummif\u00fc\u00dfe<br \/>\nSchaumstoffpolsterung<\/p>\n<p>Hergestellt in Deutschland<br \/>\nAu\u00dfenma\u00dfe BxTxH 352 x 320 x 152 mm<br \/>\nGewicht: 3,3 kg<\/p>\n","protected":false},"excerpt":{"rendered":"<p>Case passend f\u00fcr Kemper Profiler Player + Mission Engineering EP1 mit einem 10 cm Kabelkanal hinter dem Ger\u00e4t. Das Ger\u00e4t<\/p>\n","protected":false},"featured_media":264884,"template":"","meta":{"_acf_changed":false},"product_brand":[],"product_cat":[15823],"product_tag":[],"class_list":{"0":"post-264674","1":"product","2":"type-product","3":"status-publish","4":"has-post-thumbnail","6":"product_cat-pedalcase","8":"first","9":"instock","10":"taxable","11":"shipping-taxable","12":"purchasable","13":"product-type-simple"},"acf":[],"_links":{"self":[{"href":"https:\/\/megacase.com\/de\/wp-json\/wp\/v2\/product\/264674","targetHints":{"allow":["GET"]}}],"collection":[{"href":"https:\/\/megacase.com\/de\/wp-json\/wp\/v2\/product"}],"about":[{"href":"https:\/\/megacase.com\/de\/wp-json\/wp\/v2\/types\/product"}],"wp:featuredmedia":[{"embeddable":true,"href":"https:\/\/megacase.com\/de\/wp-json\/wp\/v2\/media\/264884"}],"wp:attachment":[{"href":"https:\/\/megacase.com\/de\/wp-json\/wp\/v2\/media?parent=264674"}],"wp:term":[{"taxonomy":"product_brand","embeddable":true,"href":"https:\/\/megacase.com\/de\/wp-json\/wp\/v2\/product_brand?post=264674"},{"taxonomy":"product_cat","embeddable":true,"href":"https:\/\/megacase.com\/de\/wp-json\/wp\/v2\/product_cat?post=264674"},{"taxonomy":"product_tag","embeddable":true,"href":"https:\/\/megacase.com\/de\/wp-json\/wp\/v2\/product_tag?post=264674"}],"curies":[{"name":"wp","href":"https:\/\/api.w.org\/{rel}","templated":true}]}}