{"id":264670,"date":"2024-03-08T07:06:52","date_gmt":"2024-03-08T06:06:52","guid":{"rendered":"https:\/\/megacase.com\/?post_type=product&#038;p=264670"},"modified":"2026-03-25T16:46:22","modified_gmt":"2026-03-25T15:46:22","slug":"pedalcase-kemper-profile-player","status":"publish","type":"product","link":"https:\/\/megacase.com\/de\/produkt\/pedalcase-kemper-profile-player\/","title":{"rendered":"Pedalcase Kemper Profile Player"},"content":{"rendered":"<p>Pedalcase Kemper Profiler Player<br \/>\nCase passend f\u00fcr Kemper Profiler Player<br \/>\nmit 10 cm Kabelkanal hinter dem Ger\u00e4t.<br \/>\nDas Ger\u00e4t ist im Case spielbar.<\/p>\n<p>6,8 mm Multiplex Phenol braun<br \/>\n22&#215;22 mm Alukante<br \/>\n4 L-Ecke klein<br \/>\n2 Butterfly mini<br \/>\n1 Koffergriff<br \/>\n4 Kugelecke klein<br \/>\n4 Kugelecke klein mit L-Ecke<br \/>\n4 Gummif\u00fc\u00dfe<br \/>\nSchaumstoffpolsterung<\/p>\n<p>Hergestellt in Deutschland<br \/>\nAu\u00dfenma\u00dfe BxTxH 207 x 306 x 134 mm<br \/>\nGewicht: 2,2 kg<\/p>\n","protected":false},"excerpt":{"rendered":"<p>Pedalcase Kemper Profiler Player Case passend f\u00fcr Kemper Profiler Player mit 10 cm Kabelkanal hinter dem Ger\u00e4t. Das Ger\u00e4t ist<\/p>\n","protected":false},"featured_media":264868,"template":"","meta":{"_acf_changed":false},"product_brand":[],"product_cat":[15823],"product_tag":[],"class_list":{"0":"post-264670","1":"product","2":"type-product","3":"status-publish","4":"has-post-thumbnail","6":"product_cat-pedalcase","8":"first","9":"instock","10":"taxable","11":"shipping-taxable","12":"purchasable","13":"product-type-simple"},"acf":[],"_links":{"self":[{"href":"https:\/\/megacase.com\/de\/wp-json\/wp\/v2\/product\/264670","targetHints":{"allow":["GET"]}}],"collection":[{"href":"https:\/\/megacase.com\/de\/wp-json\/wp\/v2\/product"}],"about":[{"href":"https:\/\/megacase.com\/de\/wp-json\/wp\/v2\/types\/product"}],"wp:featuredmedia":[{"embeddable":true,"href":"https:\/\/megacase.com\/de\/wp-json\/wp\/v2\/media\/264868"}],"wp:attachment":[{"href":"https:\/\/megacase.com\/de\/wp-json\/wp\/v2\/media?parent=264670"}],"wp:term":[{"taxonomy":"product_brand","embeddable":true,"href":"https:\/\/megacase.com\/de\/wp-json\/wp\/v2\/product_brand?post=264670"},{"taxonomy":"product_cat","embeddable":true,"href":"https:\/\/megacase.com\/de\/wp-json\/wp\/v2\/product_cat?post=264670"},{"taxonomy":"product_tag","embeddable":true,"href":"https:\/\/megacase.com\/de\/wp-json\/wp\/v2\/product_tag?post=264670"}],"curies":[{"name":"wp","href":"https:\/\/api.w.org\/{rel}","templated":true}]}}