{"id":262975,"date":"2024-03-06T15:35:56","date_gmt":"2024-03-06T14:35:56","guid":{"rendered":"https:\/\/megacase.com\/?post_type=product&#038;p=262975"},"modified":"2026-03-25T16:36:16","modified_gmt":"2026-03-25T15:36:16","slug":"flightcase-kawai-es-520-920-wheel","status":"publish","type":"product","link":"https:\/\/megacase.com\/de\/produkt\/flightcase-kawai-es-520-920-wheel\/","title":{"rendered":"Flightcase Kawai ES-520\/920 + wheel"},"content":{"rendered":"<p>Professionelles Keyboard Case f\u00fcr den Langzeit-Einsatz Ihres Kawai ES-520\/920<br \/>\nDie strapazierf\u00e4higen Bauteile gew\u00e4hrleisten einen sicheren Einsatz \u00fcber viele Jahre.<br \/>\nDas Keyboard l\u00e4\u00dft sich direkt im Unterteil des Cases spielen.<br \/>\nAlle Anschl\u00fcsse sind direkt zug\u00e4nglich.<br \/>\nMit den Eckrollen kann man den Koffer bequem als Trolley benutzten.<br \/>\naus 6,8 mm Multiplex Holz<br \/>\nPhenolharz beschichtet braun<br \/>\n30&#215;30 mm Alukante<br \/>\n4 Butterfly Verschluss<br \/>\n2 Klappgriff mittel<br \/>\n1 Klappgriff aufgesetzt<br \/>\n6 Kugelecken aus verzinktem Stahl<br \/>\n2 Eckeinbaurollen 48 mm unten rechts<br \/>\n6 Gummif\u00fc\u00dfe 38&#215;20 mm<br \/>\nSchaumstoffpolster<br \/>\nHergestellt in Deutschland<br \/>\nAu\u00dfenma\u00dfe BxTxH 1425x450x240 mm<br \/>\nGewicht: 14 kg<\/p>\n","protected":false},"excerpt":{"rendered":"<p>Professionelles Keyboard Case f\u00fcr den Langzeit-Einsatz Ihres Kawai ES-520\/920 Die strapazierf\u00e4higen Bauteile gew\u00e4hrleisten einen sicheren Einsatz \u00fcber viele Jahre. Das<\/p>\n","protected":false},"featured_media":263020,"template":"","meta":{"_acf_changed":false},"product_brand":[],"product_cat":[13511],"product_tag":[],"class_list":{"0":"post-262975","1":"product","2":"type-product","3":"status-publish","4":"has-post-thumbnail","6":"product_cat-keyboard-cases","8":"first","9":"instock","10":"taxable","11":"shipping-taxable","12":"purchasable","13":"product-type-simple"},"acf":[],"_links":{"self":[{"href":"https:\/\/megacase.com\/de\/wp-json\/wp\/v2\/product\/262975","targetHints":{"allow":["GET"]}}],"collection":[{"href":"https:\/\/megacase.com\/de\/wp-json\/wp\/v2\/product"}],"about":[{"href":"https:\/\/megacase.com\/de\/wp-json\/wp\/v2\/types\/product"}],"wp:featuredmedia":[{"embeddable":true,"href":"https:\/\/megacase.com\/de\/wp-json\/wp\/v2\/media\/263020"}],"wp:attachment":[{"href":"https:\/\/megacase.com\/de\/wp-json\/wp\/v2\/media?parent=262975"}],"wp:term":[{"taxonomy":"product_brand","embeddable":true,"href":"https:\/\/megacase.com\/de\/wp-json\/wp\/v2\/product_brand?post=262975"},{"taxonomy":"product_cat","embeddable":true,"href":"https:\/\/megacase.com\/de\/wp-json\/wp\/v2\/product_cat?post=262975"},{"taxonomy":"product_tag","embeddable":true,"href":"https:\/\/megacase.com\/de\/wp-json\/wp\/v2\/product_tag?post=262975"}],"curies":[{"name":"wp","href":"https:\/\/api.w.org\/{rel}","templated":true}]}}