{"id":262078,"date":"2024-03-06T12:34:08","date_gmt":"2024-03-06T11:34:08","guid":{"rendered":"https:\/\/megacase.com\/?post_type=product&#038;p=262078"},"modified":"2026-03-25T16:36:20","modified_gmt":"2026-03-25T15:36:20","slug":"pedalcase-blackstar-dept-10-amped-2","status":"publish","type":"product","link":"https:\/\/megacase.com\/de\/produkt\/pedalcase-blackstar-dept-10-amped-2\/","title":{"rendered":"Pedalcase Blackstar Dept. 10 Amped 2"},"content":{"rendered":"<p>ma\u00dfgefertigtes Haubencase f\u00fcr Blackstar Dept. 10 Amped 2 mit Platz f\u00fcr Kabel,<br \/>\naus 6,8 mm Multiplex phenolharz beschichtet,<br \/>\nFarbe: braun,<br \/>\n22 x 22mm Alukante,<br \/>\n2 Butterfly-Verschl\u00fcsse klein,<br \/>\n1 Koffergriff,<br \/>\n4 Gummif\u00fc\u00dfe 38 x 10 mm,<br \/>\n8 Kugelecken klein<br \/>\nGer\u00e4t kann im Unterteil bedient werden,<br \/>\nmind. 10mm Schaumstoffpolsterung,<br \/>\nKabelkanal hinter dem Ger\u00e4t<br \/>\nHergestellt in Deutschland<br \/>\nAu\u00dfenma\u00dfe ca. BxTxH 350x295x145 mm<br \/>\nGewicht: 2,9 kg<\/p>\n","protected":false},"excerpt":{"rendered":"<p>ma\u00dfgefertigtes Haubencase f\u00fcr Blackstar Dept. 10 Amped 2 mit Platz f\u00fcr Kabel, aus 6,8 mm Multiplex phenolharz beschichtet, Farbe: braun,<\/p>\n","protected":false},"featured_media":262123,"template":"","meta":{"_acf_changed":false},"product_brand":[],"product_cat":[15823],"product_tag":[],"class_list":{"0":"post-262078","1":"product","2":"type-product","3":"status-publish","4":"has-post-thumbnail","6":"product_cat-pedalcase","8":"first","9":"instock","10":"taxable","11":"shipping-taxable","12":"purchasable","13":"product-type-simple"},"acf":[],"_links":{"self":[{"href":"https:\/\/megacase.com\/de\/wp-json\/wp\/v2\/product\/262078","targetHints":{"allow":["GET"]}}],"collection":[{"href":"https:\/\/megacase.com\/de\/wp-json\/wp\/v2\/product"}],"about":[{"href":"https:\/\/megacase.com\/de\/wp-json\/wp\/v2\/types\/product"}],"wp:featuredmedia":[{"embeddable":true,"href":"https:\/\/megacase.com\/de\/wp-json\/wp\/v2\/media\/262123"}],"wp:attachment":[{"href":"https:\/\/megacase.com\/de\/wp-json\/wp\/v2\/media?parent=262078"}],"wp:term":[{"taxonomy":"product_brand","embeddable":true,"href":"https:\/\/megacase.com\/de\/wp-json\/wp\/v2\/product_brand?post=262078"},{"taxonomy":"product_cat","embeddable":true,"href":"https:\/\/megacase.com\/de\/wp-json\/wp\/v2\/product_cat?post=262078"},{"taxonomy":"product_tag","embeddable":true,"href":"https:\/\/megacase.com\/de\/wp-json\/wp\/v2\/product_tag?post=262078"}],"curies":[{"name":"wp","href":"https:\/\/api.w.org\/{rel}","templated":true}]}}