{"id":260839,"date":"2024-03-06T08:38:45","date_gmt":"2024-03-06T07:38:45","guid":{"rendered":"https:\/\/megacase.com\/?post_type=product&#038;p=260839"},"modified":"2026-03-25T16:36:28","modified_gmt":"2026-03-25T15:36:28","slug":"studio-siderack-xl-10u-maple","status":"publish","type":"product","link":"https:\/\/megacase.com\/de\/produkt\/studio-siderack-xl-10u-maple\/","title":{"rendered":"Studio Siderack XL 10U maple"},"content":{"rendered":"<p>10HE Side Rack zur Selbstmontage<br \/>\n10 HE Nutzh\u00f6he oben schr\u00e4g,<br \/>\n3 HE Nutzh\u00f6he unten gerade,<br \/>\n13 HE Nutzh\u00f6he hinten, Bausatz zur Selbstmontage<br \/>\nmindestens 34 cm Einbautiefe (Ma\u00dfe siehe Bilder),<br \/>\nMaterial: 19 mm M\u00f6beldekorplatte,<br \/>\nstufenlose Rackschienen,<br \/>\nfeststellbare Rollen,<br \/>\nGewicht: 16,7 kg,<br \/>\nMa\u00dfe (B x H x T): 54 x 70 x 62 cm,<br \/>\nFarbe: Ahorn Dekor,<br \/>\ninkl. Schraubensatz,<br \/>\nhergestellt in Deutschland<\/p>\n","protected":false},"excerpt":{"rendered":"<p>10HE Side Rack zur Selbstmontage 10 HE Nutzh\u00f6he oben schr\u00e4g, 3 HE Nutzh\u00f6he unten gerade, 13 HE Nutzh\u00f6he hinten, Bausatz<\/p>\n","protected":false},"featured_media":260880,"template":"","meta":{"_acf_changed":false},"product_brand":[],"product_cat":[15472],"product_tag":[],"class_list":{"0":"post-260839","1":"product","2":"type-product","3":"status-publish","4":"has-post-thumbnail","6":"product_cat-studio-equipment-2","8":"first","9":"instock","10":"taxable","11":"shipping-taxable","12":"purchasable","13":"product-type-simple"},"acf":[],"_links":{"self":[{"href":"https:\/\/megacase.com\/de\/wp-json\/wp\/v2\/product\/260839","targetHints":{"allow":["GET"]}}],"collection":[{"href":"https:\/\/megacase.com\/de\/wp-json\/wp\/v2\/product"}],"about":[{"href":"https:\/\/megacase.com\/de\/wp-json\/wp\/v2\/types\/product"}],"wp:featuredmedia":[{"embeddable":true,"href":"https:\/\/megacase.com\/de\/wp-json\/wp\/v2\/media\/260880"}],"wp:attachment":[{"href":"https:\/\/megacase.com\/de\/wp-json\/wp\/v2\/media?parent=260839"}],"wp:term":[{"taxonomy":"product_brand","embeddable":true,"href":"https:\/\/megacase.com\/de\/wp-json\/wp\/v2\/product_brand?post=260839"},{"taxonomy":"product_cat","embeddable":true,"href":"https:\/\/megacase.com\/de\/wp-json\/wp\/v2\/product_cat?post=260839"},{"taxonomy":"product_tag","embeddable":true,"href":"https:\/\/megacase.com\/de\/wp-json\/wp\/v2\/product_tag?post=260839"}],"curies":[{"name":"wp","href":"https:\/\/api.w.org\/{rel}","templated":true}]}}