{"id":260025,"date":"2024-03-05T15:00:49","date_gmt":"2024-03-05T14:00:49","guid":{"rendered":"https:\/\/megacase.com\/?post_type=product&#038;p=260025"},"modified":"2026-03-25T16:36:33","modified_gmt":"2026-03-25T15:36:33","slug":"mikrostativ-case-for-15-stands","status":"publish","type":"product","link":"https:\/\/megacase.com\/de\/produkt\/mikrostativ-case-for-15-stands\/","title":{"rendered":"Mikrostativ Case for 15 Stands"},"content":{"rendered":"<p>Professionelles Flightcase f\u00fcr Mikrofon Stative.<br \/>\nInsgesamt f\u00fcr 15 Mikrofone und diverses Zubeh\u00f6r,<br \/>\naus 9 mm Multiplex gebaut.<br \/>\nVerwendete Bauteile und Fittings:<br \/>\nFarbe Schwarz beschichtet,<br \/>\n35&#215;35 mm Alukante,<br \/>\n1 Einlegewanne (Sch\u00fctte) herausnehmbar<br \/>\nmit 5 F\u00e4chern,<br \/>\n6 F\u00e4cher sind in der unteren Wanne integriert,<br \/>\n15 R\u00f6hren aus Kunststoff f\u00fcr Stative,<br \/>\n4 gro\u00dfe gefederte Butterfly-Verschl\u00fcsse,<br \/>\n8 Klappgriffe,<br \/>\n2 gro\u00dfe Deckelfeststeller,<br \/>\n8 Stahlkugelecken,<br \/>\n4 Lenkrollen &#8222;Blue Wheels&#8220; davon sind 2 gebremst,<br \/>\nseitlicher Deckel Schaumstoff gepolstert,<br \/>\nHergestellt wird auch diese Truhe in Deutschland,<br \/>\nAu\u00dfenma\u00dfe: BxTxH 1325x610x790 mm,<br \/>\nGewicht: 87,8 kg,<br \/>\npassende Stative zB: K&#038;M 260\/1, 210\/2, 25950, 21021, 210\/2, 259 u.v.m.<\/p>\n","protected":false},"excerpt":{"rendered":"<p>Professionelles Flightcase f\u00fcr Mikrofon Stative. Insgesamt f\u00fcr 15 Mikrofone und diverses Zubeh\u00f6r, aus 9 mm Multiplex gebaut. Verwendete Bauteile und<\/p>\n","protected":false},"featured_media":260074,"template":"","meta":{"_acf_changed":false},"product_brand":[],"product_cat":[15113],"product_tag":[],"class_list":{"0":"post-260025","1":"product","2":"type-product","3":"status-publish","4":"has-post-thumbnail","6":"product_cat-orchester-cases","8":"first","9":"instock","10":"taxable","11":"shipping-taxable","12":"purchasable","13":"product-type-simple"},"acf":[],"_links":{"self":[{"href":"https:\/\/megacase.com\/de\/wp-json\/wp\/v2\/product\/260025","targetHints":{"allow":["GET"]}}],"collection":[{"href":"https:\/\/megacase.com\/de\/wp-json\/wp\/v2\/product"}],"about":[{"href":"https:\/\/megacase.com\/de\/wp-json\/wp\/v2\/types\/product"}],"wp:featuredmedia":[{"embeddable":true,"href":"https:\/\/megacase.com\/de\/wp-json\/wp\/v2\/media\/260074"}],"wp:attachment":[{"href":"https:\/\/megacase.com\/de\/wp-json\/wp\/v2\/media?parent=260025"}],"wp:term":[{"taxonomy":"product_brand","embeddable":true,"href":"https:\/\/megacase.com\/de\/wp-json\/wp\/v2\/product_brand?post=260025"},{"taxonomy":"product_cat","embeddable":true,"href":"https:\/\/megacase.com\/de\/wp-json\/wp\/v2\/product_cat?post=260025"},{"taxonomy":"product_tag","embeddable":true,"href":"https:\/\/megacase.com\/de\/wp-json\/wp\/v2\/product_tag?post=260025"}],"curies":[{"name":"wp","href":"https:\/\/api.w.org\/{rel}","templated":true}]}}