{"id":259961,"date":"2024-03-05T14:55:57","date_gmt":"2024-03-05T13:55:57","guid":{"rendered":"https:\/\/megacase.com\/?post_type=product&#038;p=259961"},"modified":"2026-03-25T16:36:33","modified_gmt":"2026-03-25T15:36:33","slug":"flightcase-yamaha-ql1-wheel","status":"publish","type":"product","link":"https:\/\/megacase.com\/de\/produkt\/flightcase-yamaha-ql1-wheel\/","title":{"rendered":"Flightcase Yamaha QL1 + wheel"},"content":{"rendered":"<p>Dieses Profi Roadcase wurde f\u00fcr den allt\u00e4glichen Einsatz auf der B\u00fchne konstruiert.<br \/>\nSehr hochwertige und robuste Bauteile verbaut.<br \/>\nAbschlie\u00dfbares Dockhouse f\u00fcr dem Yamaha QL-1,<br \/>\naus 9 mm Multiplex schwarz beschichtet,<br \/>\n30 x 30mm Alukante,<br \/>\nmind. 20mm Schaumstoffpolsterung,<br \/>\n4 gefederte Butterfly-Verschl\u00fcsse medium,<br \/>\n6 Klappgriffe,<br \/>\nStahlkugelecken,<br \/>\nRutschleisten,<br \/>\n1 Shockwatch-Aufkleber<br \/>\n15 cm tiefes Dockhouse hinten,<br \/>\nschwarz lackiert<br \/>\nstaubgesch\u00fctzte Multicore Ausschnitte links und rechts<br \/>\n4 Lenkrollen davon sind 2 mit Bremsen<br \/>\nhergestellt in Deutschland,<br \/>\nAu\u00dfenma\u00dfe BxTxH 555x947x384 mm<br \/>\nGewicht ca. 30,5 kg<\/p>\n","protected":false},"excerpt":{"rendered":"<p>Dieses Profi Roadcase wurde f\u00fcr den allt\u00e4glichen Einsatz auf der B\u00fchne konstruiert. Sehr hochwertige und robuste Bauteile verbaut. Abschlie\u00dfbares Dockhouse<\/p>\n","protected":false},"featured_media":259970,"template":"","meta":{"_acf_changed":false},"product_brand":[],"product_cat":[13495],"product_tag":[],"class_list":{"0":"post-259961","1":"product","2":"type-product","3":"status-publish","4":"has-post-thumbnail","6":"product_cat-mischpult-cases","8":"first","9":"instock","10":"taxable","11":"shipping-taxable","12":"purchasable","13":"product-type-simple"},"acf":[],"_links":{"self":[{"href":"https:\/\/megacase.com\/de\/wp-json\/wp\/v2\/product\/259961","targetHints":{"allow":["GET"]}}],"collection":[{"href":"https:\/\/megacase.com\/de\/wp-json\/wp\/v2\/product"}],"about":[{"href":"https:\/\/megacase.com\/de\/wp-json\/wp\/v2\/types\/product"}],"wp:featuredmedia":[{"embeddable":true,"href":"https:\/\/megacase.com\/de\/wp-json\/wp\/v2\/media\/259970"}],"wp:attachment":[{"href":"https:\/\/megacase.com\/de\/wp-json\/wp\/v2\/media?parent=259961"}],"wp:term":[{"taxonomy":"product_brand","embeddable":true,"href":"https:\/\/megacase.com\/de\/wp-json\/wp\/v2\/product_brand?post=259961"},{"taxonomy":"product_cat","embeddable":true,"href":"https:\/\/megacase.com\/de\/wp-json\/wp\/v2\/product_cat?post=259961"},{"taxonomy":"product_tag","embeddable":true,"href":"https:\/\/megacase.com\/de\/wp-json\/wp\/v2\/product_tag?post=259961"}],"curies":[{"name":"wp","href":"https:\/\/api.w.org\/{rel}","templated":true}]}}