{"id":259792,"date":"2024-03-05T14:44:44","date_gmt":"2024-03-05T13:44:44","guid":{"rendered":"https:\/\/megacase.com\/?post_type=product&#038;p=259792"},"modified":"2026-03-25T16:36:34","modified_gmt":"2026-03-25T15:36:34","slug":"backliner-toolcase","status":"publish","type":"product","link":"https:\/\/megacase.com\/de\/produkt\/backliner-toolcase\/","title":{"rendered":"Backliner Toolcase"},"content":{"rendered":"<p>Dieses Toolcase bietet neben einer ausklappbaren Ablagefl\u00e4che und 3 Zusatzf\u00e4chern<br \/>\nnoch eine 19 Zoll Einheit mit 15 HE.<br \/>\nOb Notenb\u00fccher, Aktenordner, Werkzeug oder Notebook findet alles Platz.<br \/>\nDer Deckel ist mit Gasdruckd\u00e4mpfern ausgestattet und schlie\u00dft sehr weich.<br \/>\n9 mm Multiplex<br \/>\nFarbe schwarz beschichtet<br \/>\n35&#215;35 mm Alukante mit Nietrille<br \/>\n8 gro\u00dfe Klappgriffe<br \/>\n3 gefederte Butterfly-Verschl\u00fcsse gro\u00df<br \/>\n2 Deckelfeststeller<br \/>\n2 D\u00e4mpfer im Deckel<br \/>\n15HE Rackschiene vorne<br \/>\ninkl. Befestigungsmaterial<br \/>\n3 F\u00e4cher vorne 24 cm breit<br \/>\nAblagebrett oben<br \/>\nzus\u00e4tzliches Ablagebrett in der T\u00fcr klappbar<br \/>\n5 Lenkrollen 3 davon gebremst ( Traglast bist 450 kg )<br \/>\nhergestellt in Deutschland<br \/>\nAu\u00dfenma\u00dfe ca. BxTxH 810x600x1100 mm (auf Rollen)<br \/>\nGewicht ca. 56 kg<\/p>\n","protected":false},"excerpt":{"rendered":"<p>Dieses Toolcase bietet neben einer ausklappbaren Ablagefl\u00e4che und 3 Zusatzf\u00e4chern noch eine 19 Zoll Einheit mit 15 HE. Ob Notenb\u00fccher,<\/p>\n","protected":false},"featured_media":259845,"template":"","meta":{"_acf_changed":false},"product_brand":[],"product_cat":[16384],"product_tag":[],"class_list":{"0":"post-259792","1":"product","2":"type-product","3":"status-publish","4":"has-post-thumbnail","6":"product_cat-office-cases","8":"first","9":"instock","10":"taxable","11":"shipping-taxable","12":"purchasable","13":"product-type-simple"},"acf":[],"_links":{"self":[{"href":"https:\/\/megacase.com\/de\/wp-json\/wp\/v2\/product\/259792","targetHints":{"allow":["GET"]}}],"collection":[{"href":"https:\/\/megacase.com\/de\/wp-json\/wp\/v2\/product"}],"about":[{"href":"https:\/\/megacase.com\/de\/wp-json\/wp\/v2\/types\/product"}],"wp:featuredmedia":[{"embeddable":true,"href":"https:\/\/megacase.com\/de\/wp-json\/wp\/v2\/media\/259845"}],"wp:attachment":[{"href":"https:\/\/megacase.com\/de\/wp-json\/wp\/v2\/media?parent=259792"}],"wp:term":[{"taxonomy":"product_brand","embeddable":true,"href":"https:\/\/megacase.com\/de\/wp-json\/wp\/v2\/product_brand?post=259792"},{"taxonomy":"product_cat","embeddable":true,"href":"https:\/\/megacase.com\/de\/wp-json\/wp\/v2\/product_cat?post=259792"},{"taxonomy":"product_tag","embeddable":true,"href":"https:\/\/megacase.com\/de\/wp-json\/wp\/v2\/product_tag?post=259792"}],"curies":[{"name":"wp","href":"https:\/\/api.w.org\/{rel}","templated":true}]}}