{"id":259748,"date":"2024-03-05T14:35:42","date_gmt":"2024-03-05T13:35:42","guid":{"rendered":"https:\/\/megacase.com\/?post_type=product&#038;p=259748"},"modified":"2026-03-25T16:36:37","modified_gmt":"2026-03-25T15:36:37","slug":"mixer-case-yamaha-mg124-c-cx","status":"publish","type":"product","link":"https:\/\/megacase.com\/de\/produkt\/mixer-case-yamaha-mg124-c-cx\/","title":{"rendered":"Mixer Case Yamaha MG124 C\/CX"},"content":{"rendered":"<p>Ma\u00dfgefertigtes Case f\u00fcr Yamaha MG-124C \/ MG-124CX Mischer. Die Anschl\u00fcsse sind frei zug\u00e4nglich. Der Mischer ist im Unterteil spielbar. Der Kabelkanal l\u00e4sst Platz  auch f\u00fcr das Netzteil.<br \/>\nAus 6,8 mm Multiplex<br \/>\nFarbe Phenolharz beschichtet braun<br \/>\n22&#215;22 mm Alukante<br \/>\n1-5 cm Schaumstoffpolsterung<br \/>\n2 aufgesetzte Schnappschl\u00f6sser<br \/>\n1 Koffergriff<br \/>\nDeckel abnehmbar<br \/>\n2 Aush\u00e4ngescharniere<br \/>\nMischpult kann im Unterteil bedient werden<br \/>\nkleine Stahlkugelecken<br \/>\nkleine Gummif\u00fc\u00dfe<br \/>\nhergestellt in Deutschland<br \/>\nAu\u00dfenma\u00dfe ca BxTxH 405x563x157 mm<br \/>\nGewicht ca. 5 kg<br \/>\nHinweis: Abgebildete Ger\u00e4te und Instrumente dienen lediglich der Veranschaulichung und<br \/>\nsind nicht Bestandteil des Angebotes.<\/p>\n","protected":false},"excerpt":{"rendered":"<p>Ma\u00dfgefertigtes Case f\u00fcr Yamaha MG-124C \/ MG-124CX Mischer. Die Anschl\u00fcsse sind frei zug\u00e4nglich. Der Mischer ist im Unterteil spielbar. Der<\/p>\n","protected":false},"featured_media":259749,"template":"","meta":{"_acf_changed":false},"product_brand":[],"product_cat":[13495],"product_tag":[],"class_list":{"0":"post-259748","1":"product","2":"type-product","3":"status-publish","4":"has-post-thumbnail","6":"product_cat-mischpult-cases","8":"first","9":"instock","10":"taxable","11":"shipping-taxable","12":"purchasable","13":"product-type-simple"},"acf":[],"_links":{"self":[{"href":"https:\/\/megacase.com\/de\/wp-json\/wp\/v2\/product\/259748","targetHints":{"allow":["GET"]}}],"collection":[{"href":"https:\/\/megacase.com\/de\/wp-json\/wp\/v2\/product"}],"about":[{"href":"https:\/\/megacase.com\/de\/wp-json\/wp\/v2\/types\/product"}],"wp:featuredmedia":[{"embeddable":true,"href":"https:\/\/megacase.com\/de\/wp-json\/wp\/v2\/media\/259749"}],"wp:attachment":[{"href":"https:\/\/megacase.com\/de\/wp-json\/wp\/v2\/media?parent=259748"}],"wp:term":[{"taxonomy":"product_brand","embeddable":true,"href":"https:\/\/megacase.com\/de\/wp-json\/wp\/v2\/product_brand?post=259748"},{"taxonomy":"product_cat","embeddable":true,"href":"https:\/\/megacase.com\/de\/wp-json\/wp\/v2\/product_cat?post=259748"},{"taxonomy":"product_tag","embeddable":true,"href":"https:\/\/megacase.com\/de\/wp-json\/wp\/v2\/product_tag?post=259748"}],"curies":[{"name":"wp","href":"https:\/\/api.w.org\/{rel}","templated":true}]}}