{"id":258916,"date":"2024-03-05T12:18:16","date_gmt":"2024-03-05T11:18:16","guid":{"rendered":"https:\/\/megacase.com\/?post_type=product&#038;p=258916"},"modified":"2026-03-25T16:36:42","modified_gmt":"2026-03-25T15:36:42","slug":"office-workstation-case-display-bracket-824","status":"publish","type":"product","link":"https:\/\/megacase.com\/de\/produkt\/office-workstation-case-display-bracket-824\/","title":{"rendered":"Office Workstation Case display bracket 824"},"content":{"rendered":"<p>Professioneller Winkelcase mit einer Ablagefl\u00e4che mit Kabeldurchlass in einer H\u00f6he von 787 mm,<br \/>\nDeckel oben mittels D\u00e4mpfer arretiert,<br \/>\nim Deckel befindet sich eine schwenkbare Vesa-Halterung f\u00fcr einen Monitor,<br \/>\nUnter der Ablage befindet sich eine ausziehbare Ablage zum Arbeiten,<br \/>\ninklusive zwei Schubladen abschlie\u00dfbar mit Zahlenschloss,<br \/>\nFrontabdeckung kann rechts oder links als Tisch eingeh\u00e4ngt werden,<br \/>\nein Kabelausgang auf der R\u00fcckseite des Geh\u00e4uses,<br \/>\nIm Inneren verbaute 4-fach Steckdosenleiste zum Anschluss von Drucker und Monitor;<br \/>\n9 mm Sperrholz farbig beschichtet,<br \/>\nFarbe: frei w\u00e4hlbar<br \/>\n30 x 30 mm Aluminiumkante,<br \/>\n8 Butterfly-Verschl\u00fcsse mittel V4,<br \/>\n4 Klappgriffe mittel,<br \/>\n2 L-Scharniere,<br \/>\n2 mittelgro\u00dfe Deckelbefestigungsplatten mit Klickstopp,<br \/>\n4 Halterungen f\u00fcr Tischverbinder,<br \/>\n2 Tischverbinder,<br \/>\n2 Tischbeine klappbar,<br \/>\n1 gro\u00dfe Serviceklappe,<br \/>\n8 Kugelecken, gro\u00dfe Abstufung f\u00fcr 30 mm Alukante,<br \/>\n4 Lenkrollen davon 2 mit Feststeller,<br \/>\nHergestellt in Deutschland<br \/>\nAu\u00dfenma\u00dfe ca. BxTxH 824x624x974mm BxTxH<br \/>\nGewicht ca. 84,6 kg<\/p>\n","protected":false},"excerpt":{"rendered":"<p>Professioneller Winkelcase mit einer Ablagefl\u00e4che mit Kabeldurchlass in einer H\u00f6he von 787 mm, Deckel oben mittels D\u00e4mpfer arretiert, im Deckel<\/p>\n","protected":false},"featured_media":258925,"template":"","meta":{"_acf_changed":false},"product_brand":[],"product_cat":[16384],"product_tag":[],"class_list":{"0":"post-258916","1":"product","2":"type-product","3":"status-publish","4":"has-post-thumbnail","6":"product_cat-office-cases","8":"first","9":"instock","10":"taxable","11":"shipping-taxable","12":"purchasable","13":"product-type-simple"},"acf":[],"_links":{"self":[{"href":"https:\/\/megacase.com\/de\/wp-json\/wp\/v2\/product\/258916","targetHints":{"allow":["GET"]}}],"collection":[{"href":"https:\/\/megacase.com\/de\/wp-json\/wp\/v2\/product"}],"about":[{"href":"https:\/\/megacase.com\/de\/wp-json\/wp\/v2\/types\/product"}],"wp:featuredmedia":[{"embeddable":true,"href":"https:\/\/megacase.com\/de\/wp-json\/wp\/v2\/media\/258925"}],"wp:attachment":[{"href":"https:\/\/megacase.com\/de\/wp-json\/wp\/v2\/media?parent=258916"}],"wp:term":[{"taxonomy":"product_brand","embeddable":true,"href":"https:\/\/megacase.com\/de\/wp-json\/wp\/v2\/product_brand?post=258916"},{"taxonomy":"product_cat","embeddable":true,"href":"https:\/\/megacase.com\/de\/wp-json\/wp\/v2\/product_cat?post=258916"},{"taxonomy":"product_tag","embeddable":true,"href":"https:\/\/megacase.com\/de\/wp-json\/wp\/v2\/product_tag?post=258916"}],"curies":[{"name":"wp","href":"https:\/\/api.w.org\/{rel}","templated":true}]}}