{"id":258494,"date":"2024-03-05T10:51:29","date_gmt":"2024-03-05T09:51:29","guid":{"rendered":"https:\/\/megacase.com\/?post_type=product&#038;p=258494"},"modified":"2026-03-25T16:36:45","modified_gmt":"2026-03-25T15:36:45","slug":"flightcase-roland-v-160hd","status":"publish","type":"product","link":"https:\/\/megacase.com\/de\/produkt\/flightcase-roland-v-160hd\/","title":{"rendered":"Flightcase Roland V-160HD"},"content":{"rendered":"<p>passendes Haubencase f\u00fcr einen Roland V-160HD Videomischer<br \/>\nmit Monitorbr\u00fccke zur Montage eines Monitors mit maximalen Ma\u00dfen von 520x350x35mm BxtxH<br \/>\nKabelkanal hinter dem Ger\u00e4t,<br \/>\n6,8mm Multiplex Phenol braun<br \/>\n30\/30mm Alukante<br \/>\n4 Butterfly-Verschl\u00fcsse mittel<br \/>\n4 Klappgriffe mittel<br \/>\n4 Kugelecken mittel<br \/>\n4 Kugelecken mittel mit L-Ecke<br \/>\n4 Gummif\u00fc\u00dfe 38&#215;20 mm<br \/>\n7 Anschraubscharniere schwarz<br \/>\nSchaumstoff<br \/>\nHergestellt in Deutschland<br \/>\nAu\u00dfenma\u00dfe ca. BxTxH 605x530x285mm<br \/>\nGewicht ca. 14,1 KG<\/p>\n","protected":false},"excerpt":{"rendered":"<p>passendes Haubencase f\u00fcr einen Roland V-160HD Videomischer mit Monitorbr\u00fccke zur Montage eines Monitors mit maximalen Ma\u00dfen von 520x350x35mm BxtxH Kabelkanal<\/p>\n","protected":false},"featured_media":258539,"template":"","meta":{"_acf_changed":false},"product_brand":[],"product_cat":[16061],"product_tag":[],"class_list":{"0":"post-258494","1":"product","2":"type-product","3":"status-publish","4":"has-post-thumbnail","6":"product_cat-cases-fuer-video-equipment","8":"first","9":"instock","10":"taxable","11":"shipping-taxable","12":"purchasable","13":"product-type-simple"},"acf":[],"_links":{"self":[{"href":"https:\/\/megacase.com\/de\/wp-json\/wp\/v2\/product\/258494","targetHints":{"allow":["GET"]}}],"collection":[{"href":"https:\/\/megacase.com\/de\/wp-json\/wp\/v2\/product"}],"about":[{"href":"https:\/\/megacase.com\/de\/wp-json\/wp\/v2\/types\/product"}],"wp:featuredmedia":[{"embeddable":true,"href":"https:\/\/megacase.com\/de\/wp-json\/wp\/v2\/media\/258539"}],"wp:attachment":[{"href":"https:\/\/megacase.com\/de\/wp-json\/wp\/v2\/media?parent=258494"}],"wp:term":[{"taxonomy":"product_brand","embeddable":true,"href":"https:\/\/megacase.com\/de\/wp-json\/wp\/v2\/product_brand?post=258494"},{"taxonomy":"product_cat","embeddable":true,"href":"https:\/\/megacase.com\/de\/wp-json\/wp\/v2\/product_cat?post=258494"},{"taxonomy":"product_tag","embeddable":true,"href":"https:\/\/megacase.com\/de\/wp-json\/wp\/v2\/product_tag?post=258494"}],"curies":[{"name":"wp","href":"https:\/\/api.w.org\/{rel}","templated":true}]}}