{"id":258292,"date":"2024-03-05T10:09:15","date_gmt":"2024-03-05T09:09:15","guid":{"rendered":"https:\/\/megacase.com\/?post_type=product&#038;p=258292"},"modified":"2026-03-25T16:36:46","modified_gmt":"2026-03-25T15:36:46","slug":"keyboardcase-pvc-yamaha-genos-2","status":"publish","type":"product","link":"https:\/\/megacase.com\/de\/produkt\/keyboardcase-pvc-yamaha-genos-2\/","title":{"rendered":"Keyboardcase PVC Yamaha Genos 2"},"content":{"rendered":"<p>passendes Transportcase f\u00fcr ein Yamaha Genos 2 Keyboard<br \/>\n7 mm Wabenkunststoff<br \/>\nFarbe: schwarz<br \/>\n25&#215;25 mm Alukanten<br \/>\n3 Schnappschl\u00f6sser mit \u00d6se<br \/>\n3 Feststellscharniere<br \/>\n8 Kugelecken medium<br \/>\nSchaumstoffpolsterung bis 5 cm<br \/>\n1 Koffergriff Kunstleder<br \/>\nHergestellt Deutschland.<br \/>\nAu\u00dfenma\u00dfe BxTxH 1307x555x215 mm<br \/>\nGewicht: 9,3 kg<\/p>\n","protected":false},"excerpt":{"rendered":"<p>passendes Transportcase f\u00fcr ein Yamaha Genos 2 Keyboard 7 mm Wabenkunststoff Farbe: schwarz 25&#215;25 mm Alukanten 3 Schnappschl\u00f6sser mit \u00d6se<\/p>\n","protected":false},"featured_media":258333,"template":"","meta":{"_acf_changed":false},"product_brand":[],"product_cat":[13511],"product_tag":[],"class_list":{"0":"post-258292","1":"product","2":"type-product","3":"status-publish","4":"has-post-thumbnail","6":"product_cat-keyboard-cases","8":"first","9":"instock","10":"taxable","11":"shipping-taxable","12":"purchasable","13":"product-type-simple"},"acf":[],"_links":{"self":[{"href":"https:\/\/megacase.com\/de\/wp-json\/wp\/v2\/product\/258292","targetHints":{"allow":["GET"]}}],"collection":[{"href":"https:\/\/megacase.com\/de\/wp-json\/wp\/v2\/product"}],"about":[{"href":"https:\/\/megacase.com\/de\/wp-json\/wp\/v2\/types\/product"}],"wp:featuredmedia":[{"embeddable":true,"href":"https:\/\/megacase.com\/de\/wp-json\/wp\/v2\/media\/258333"}],"wp:attachment":[{"href":"https:\/\/megacase.com\/de\/wp-json\/wp\/v2\/media?parent=258292"}],"wp:term":[{"taxonomy":"product_brand","embeddable":true,"href":"https:\/\/megacase.com\/de\/wp-json\/wp\/v2\/product_brand?post=258292"},{"taxonomy":"product_cat","embeddable":true,"href":"https:\/\/megacase.com\/de\/wp-json\/wp\/v2\/product_cat?post=258292"},{"taxonomy":"product_tag","embeddable":true,"href":"https:\/\/megacase.com\/de\/wp-json\/wp\/v2\/product_tag?post=258292"}],"curies":[{"name":"wp","href":"https:\/\/api.w.org\/{rel}","templated":true}]}}