{"id":258126,"date":"2024-03-05T09:52:28","date_gmt":"2024-03-05T08:52:28","guid":{"rendered":"https:\/\/megacase.com\/?post_type=product&#038;p=258126"},"modified":"2026-03-25T16:40:03","modified_gmt":"2026-03-25T15:40:03","slug":"case-epson-eb-pu2213b-5x-lens","status":"publish","type":"product","link":"https:\/\/megacase.com\/de\/produkt\/case-epson-eb-pu2213b-5x-lens\/","title":{"rendered":"Case Epson EB-PU2213B + 5x lens"},"content":{"rendered":"<p>passendes Truhencase f\u00fcr Epson EB Pu 2213 Beamer<br \/>\nherausnehmbarer Einsatz f\u00fcr Beamer Epson EB-PU2213B mit seitlichen Eingriffen zur leichteren Entnahme,<br \/>\nunten eine gepolsterte Einteilung f\u00fcr 5 Objektive &#8211;<br \/>\nEpson Objektiv ELPLM15<br \/>\nEpson Objektiv ELPLM10<br \/>\nEpson Objektiv ELPLM11<br \/>\nEpson Objektiv ELPLL08<br \/>\nEpson Objektiv ELPLW06<br \/>\ngepolstertes 15cm Zubeh\u00f6rfach<br \/>\n6,8mm Multiplex phenolharz beschichtet braun<br \/>\n30&#215;30 Alukante<br \/>\n4x L-Ecke Mittel<br \/>\n4x Klappgriff medium<br \/>\n2x Butterfly-Verschluss medium mit \u00d6se f\u00fcr Vorh\u00e4ngeschloss<br \/>\n2x Feststellscharnier gro\u00df<br \/>\n4x Kugelecke medium<br \/>\n4x Kugelecke medium mit L-Ecke<br \/>\n4x 100mm Lenkrolle davon 2 gebremst<br \/>\nFachunterteilung<br \/>\nSchaumstoffpolsterung<br \/>\nHergestellt in Deutschland<br \/>\nAu\u00dfenma\u00dfe: BxTxH 1010x655x637mm<br \/>\nGewicht: 37,6 Kg<\/p>\n","protected":false},"excerpt":{"rendered":"<p>passendes Truhencase f\u00fcr Epson EB Pu 2213 Beamer herausnehmbarer Einsatz f\u00fcr Beamer Epson EB-PU2213B mit seitlichen Eingriffen zur leichteren Entnahme,<\/p>\n","protected":false},"featured_media":258157,"template":"","meta":{"_acf_changed":false},"product_brand":[],"product_cat":[13553],"product_tag":[],"class_list":{"0":"post-258126","1":"product","2":"type-product","3":"status-publish","4":"has-post-thumbnail","6":"product_cat-beamercases-und-zubehoer-koffer","8":"first","9":"instock","10":"taxable","11":"shipping-taxable","12":"purchasable","13":"product-type-simple"},"acf":[],"_links":{"self":[{"href":"https:\/\/megacase.com\/de\/wp-json\/wp\/v2\/product\/258126","targetHints":{"allow":["GET"]}}],"collection":[{"href":"https:\/\/megacase.com\/de\/wp-json\/wp\/v2\/product"}],"about":[{"href":"https:\/\/megacase.com\/de\/wp-json\/wp\/v2\/types\/product"}],"wp:featuredmedia":[{"embeddable":true,"href":"https:\/\/megacase.com\/de\/wp-json\/wp\/v2\/media\/258157"}],"wp:attachment":[{"href":"https:\/\/megacase.com\/de\/wp-json\/wp\/v2\/media?parent=258126"}],"wp:term":[{"taxonomy":"product_brand","embeddable":true,"href":"https:\/\/megacase.com\/de\/wp-json\/wp\/v2\/product_brand?post=258126"},{"taxonomy":"product_cat","embeddable":true,"href":"https:\/\/megacase.com\/de\/wp-json\/wp\/v2\/product_cat?post=258126"},{"taxonomy":"product_tag","embeddable":true,"href":"https:\/\/megacase.com\/de\/wp-json\/wp\/v2\/product_tag?post=258126"}],"curies":[{"name":"wp","href":"https:\/\/api.w.org\/{rel}","templated":true}]}}