{"id":257865,"date":"2024-03-05T09:03:52","date_gmt":"2024-03-05T08:03:52","guid":{"rendered":"https:\/\/megacase.com\/?post_type=product&#038;p=257865"},"modified":"2026-03-25T16:40:05","modified_gmt":"2026-03-25T15:40:05","slug":"flightcase-20x-shure-mxcw-640-speech-wheel","status":"publish","type":"product","link":"https:\/\/megacase.com\/de\/produkt\/flightcase-20x-shure-mxcw-640-speech-wheel\/","title":{"rendered":"Flightcase 20x Shure MXCW 640 Speech + wheel"},"content":{"rendered":"<p>Profi Truhencase auf Rollen f\u00fcr 20x Shure MXCW 640 Sprechstelle,<br \/>\nmit herausnehmbaren Einlegewannen f\u00fcr Sprechstellen,<br \/>\nSchwanenh\u00e4lse MXC420\/C 50cm L\u00e4nge und Acces Point,<br \/>\nund Wanne f\u00fcr 2 Ladestationen<br \/>\n9 mm Multiplex schwarz Ral 9004<br \/>\n30\/30 Alukante<br \/>\n4 L-Ecke gro\u00df<br \/>\n4 L-Ecke medium<br \/>\n2 Butterfly mittel V4 halbgekr\u00f6pft<br \/>\n8 Klappgriff medium<br \/>\n2 Deckelscharnier mittel Klick-Stop<br \/>\n3 Scharnier mittel 6-Loch<br \/>\n8 Kugelecke gro\u00df<br \/>\n4 Lenkrolle, davon 2 gebremst<br \/>\n2 Rollbretter<br \/>\nEinlegewannen<br \/>\nSchaumstoffpolsterung<br \/>\nHergestellt in Deutschland<br \/>\nAu\u00dfenma\u00dfe: BxTxH 705x605x704mm<br \/>\nGewicht: 40,3 Kg<\/p>\n","protected":false},"excerpt":{"rendered":"<p>Profi Truhencase auf Rollen f\u00fcr 20x Shure MXCW 640 Sprechstelle, mit herausnehmbaren Einlegewannen f\u00fcr Sprechstellen, Schwanenh\u00e4lse MXC420\/C 50cm L\u00e4nge und<\/p>\n","protected":false},"featured_media":257906,"template":"","meta":{"_acf_changed":false},"product_brand":[],"product_cat":[15747],"product_tag":[],"class_list":{"0":"post-257865","1":"product","2":"type-product","3":"status-publish","4":"has-post-thumbnail","6":"product_cat-mikrofon-cases","8":"first","9":"instock","10":"taxable","11":"shipping-taxable","12":"purchasable","13":"product-type-simple"},"acf":[],"_links":{"self":[{"href":"https:\/\/megacase.com\/de\/wp-json\/wp\/v2\/product\/257865","targetHints":{"allow":["GET"]}}],"collection":[{"href":"https:\/\/megacase.com\/de\/wp-json\/wp\/v2\/product"}],"about":[{"href":"https:\/\/megacase.com\/de\/wp-json\/wp\/v2\/types\/product"}],"wp:featuredmedia":[{"embeddable":true,"href":"https:\/\/megacase.com\/de\/wp-json\/wp\/v2\/media\/257906"}],"wp:attachment":[{"href":"https:\/\/megacase.com\/de\/wp-json\/wp\/v2\/media?parent=257865"}],"wp:term":[{"taxonomy":"product_brand","embeddable":true,"href":"https:\/\/megacase.com\/de\/wp-json\/wp\/v2\/product_brand?post=257865"},{"taxonomy":"product_cat","embeddable":true,"href":"https:\/\/megacase.com\/de\/wp-json\/wp\/v2\/product_cat?post=257865"},{"taxonomy":"product_tag","embeddable":true,"href":"https:\/\/megacase.com\/de\/wp-json\/wp\/v2\/product_tag?post=257865"}],"curies":[{"name":"wp","href":"https:\/\/api.w.org\/{rel}","templated":true}]}}