{"id":257687,"date":"2024-03-04T16:16:25","date_gmt":"2024-03-04T15:16:25","guid":{"rendered":"https:\/\/megacase.com\/?post_type=product&#038;p=257687"},"modified":"2026-03-25T16:40:06","modified_gmt":"2026-03-25T15:40:06","slug":"single-door-cleaning-trolly","status":"publish","type":"product","link":"https:\/\/megacase.com\/de\/produkt\/single-door-cleaning-trolly\/","title":{"rendered":"Single Door Cleaning Trolly"},"content":{"rendered":"<p>n\u00fctzlicher Putzwagen f\u00fcr Reinigungsmittel zum reinigen von Cases und verliehenen Equipment<br \/>\n6,8mm Multiplex farbig beschichtet &#8211; bitte gew\u00fcnsche Farbe aus unserer Farbkarte w\u00e4hlen,<br \/>\n30&#215;30 Alukante,<br \/>\n8x L-Ecke Mittel,<br \/>\n4x Klappgriff medium,<br \/>\n2x Butterfly medium,<br \/>\n2x L-Scharnier<br \/>\n4x Scharnier mittel (6 Loch),<br \/>\n8x Kugelecken<br \/>\n5x 100mm Lenkrolle (3xgebremst),<br \/>\nInnenausbau<br \/>\nRollenhalter, M\u00fclleimer, F\u00e4cher f\u00fcr Putzutensilien<br \/>\nhergestellt in Deutschland<\/p>\n<p>Au\u00dfenma\u00dfe: BxTxH 610x615x1338mm<br \/>\nGewicht: 36,9 Kg<\/p>\n","protected":false},"excerpt":{"rendered":"<p>n\u00fctzlicher Putzwagen f\u00fcr Reinigungsmittel zum reinigen von Cases und verliehenen Equipment 6,8mm Multiplex farbig beschichtet &#8211; bitte gew\u00fcnsche Farbe aus<\/p>\n","protected":false},"featured_media":257724,"template":"","meta":{"_acf_changed":false},"product_brand":[],"product_cat":[13508],"product_tag":[],"class_list":{"0":"post-257687","1":"product","2":"type-product","3":"status-publish","4":"has-post-thumbnail","6":"product_cat-universal-flightcases","8":"first","9":"instock","10":"taxable","11":"shipping-taxable","12":"purchasable","13":"product-type-simple"},"acf":[],"_links":{"self":[{"href":"https:\/\/megacase.com\/de\/wp-json\/wp\/v2\/product\/257687","targetHints":{"allow":["GET"]}}],"collection":[{"href":"https:\/\/megacase.com\/de\/wp-json\/wp\/v2\/product"}],"about":[{"href":"https:\/\/megacase.com\/de\/wp-json\/wp\/v2\/types\/product"}],"wp:featuredmedia":[{"embeddable":true,"href":"https:\/\/megacase.com\/de\/wp-json\/wp\/v2\/media\/257724"}],"wp:attachment":[{"href":"https:\/\/megacase.com\/de\/wp-json\/wp\/v2\/media?parent=257687"}],"wp:term":[{"taxonomy":"product_brand","embeddable":true,"href":"https:\/\/megacase.com\/de\/wp-json\/wp\/v2\/product_brand?post=257687"},{"taxonomy":"product_cat","embeddable":true,"href":"https:\/\/megacase.com\/de\/wp-json\/wp\/v2\/product_cat?post=257687"},{"taxonomy":"product_tag","embeddable":true,"href":"https:\/\/megacase.com\/de\/wp-json\/wp\/v2\/product_tag?post=257687"}],"curies":[{"name":"wp","href":"https:\/\/api.w.org\/{rel}","templated":true}]}}