{"id":256890,"date":"2024-03-04T14:33:22","date_gmt":"2024-03-04T13:33:22","guid":{"rendered":"https:\/\/megacase.com\/?post_type=product&#038;p=256890"},"modified":"2026-03-25T16:40:12","modified_gmt":"2026-03-25T15:40:12","slug":"flip-down-case-ah-dlive-c1500-flex","status":"publish","type":"product","link":"https:\/\/megacase.com\/de\/produkt\/flip-down-case-ah-dlive-c1500-flex\/","title":{"rendered":"Flip-Down Case A&#038;H dLive C1500 Flex"},"content":{"rendered":"<p>Profi Flipcase auf Rollen f\u00fcr A&amp;H dLive C1500 Mischpult mit abnehmbarer Mischpultkassette<br \/>\naus 9 mm Multiplex pvc beschichtet<br \/>\nFarbe schwarz RAL 9004<br \/>\n4 gro\u00dfe Butterfly Verschl\u00fcsse<br \/>\n8 heavy Klappgriffe<br \/>\n2 Kanteneinbaugriffe<br \/>\n8 Kugelecken gro\u00df<br \/>\n3 Winkelscharniere<br \/>\n1 Riegelverschluss f\u00fcr Zubeh\u00f6rf\u00e4cher<br \/>\n4 Anschraubscharnier<br \/>\n4 Lenkrollen 100 mm davon sind 2 gebremst<br \/>\nSchaumstoffpolsterung<br \/>\n2 x Seitenwangen passend f\u00fcr A&amp;H dLive C3500<br \/>\nSicherungsschraube<br \/>\nKabeldurchlass im Dockhouse<br \/>\n2 Gasdruckfedern<br \/>\n4 Dockhouseverschl\u00fcsse davon ist 1 abschlie\u00dfbar<br \/>\n4 Gummif\u00fc\u00dfe 38&#215;20 mm<br \/>\n2 Zubeh\u00f6rfacher<br \/>\n1 Adapterrohr f\u00fcr Monitorarm<br \/>\nAu\u00dfenma\u00dfe BxTxH 745x525x1080 mm<br \/>\nGewicht: 60 kg<br \/>\nHergestellt in Deutschland<\/p>\n","protected":false},"excerpt":{"rendered":"<p>Profi Flipcase auf Rollen f\u00fcr A&amp;H dLive C1500 Mischpult mit abnehmbarer Mischpultkassette aus 9 mm Multiplex pvc beschichtet Farbe schwarz<\/p>\n","protected":false},"featured_media":256963,"template":"","meta":{"_acf_changed":false},"product_brand":[],"product_cat":[13495],"product_tag":[],"class_list":{"0":"post-256890","1":"product","2":"type-product","3":"status-publish","4":"has-post-thumbnail","6":"product_cat-mischpult-cases","8":"first","9":"instock","10":"taxable","11":"shipping-taxable","12":"purchasable","13":"product-type-simple"},"acf":[],"_links":{"self":[{"href":"https:\/\/megacase.com\/de\/wp-json\/wp\/v2\/product\/256890","targetHints":{"allow":["GET"]}}],"collection":[{"href":"https:\/\/megacase.com\/de\/wp-json\/wp\/v2\/product"}],"about":[{"href":"https:\/\/megacase.com\/de\/wp-json\/wp\/v2\/types\/product"}],"wp:featuredmedia":[{"embeddable":true,"href":"https:\/\/megacase.com\/de\/wp-json\/wp\/v2\/media\/256963"}],"wp:attachment":[{"href":"https:\/\/megacase.com\/de\/wp-json\/wp\/v2\/media?parent=256890"}],"wp:term":[{"taxonomy":"product_brand","embeddable":true,"href":"https:\/\/megacase.com\/de\/wp-json\/wp\/v2\/product_brand?post=256890"},{"taxonomy":"product_cat","embeddable":true,"href":"https:\/\/megacase.com\/de\/wp-json\/wp\/v2\/product_cat?post=256890"},{"taxonomy":"product_tag","embeddable":true,"href":"https:\/\/megacase.com\/de\/wp-json\/wp\/v2\/product_tag?post=256890"}],"curies":[{"name":"wp","href":"https:\/\/api.w.org\/{rel}","templated":true}]}}