{"id":256838,"date":"2024-03-04T14:28:41","date_gmt":"2024-03-04T13:28:41","guid":{"rendered":"https:\/\/megacase.com\/?post_type=product&#038;p=256838"},"modified":"2026-03-25T16:40:12","modified_gmt":"2026-03-25T15:40:12","slug":"pedalcase-fractal-fm9-fractal-ev-1","status":"publish","type":"product","link":"https:\/\/megacase.com\/de\/produkt\/pedalcase-fractal-fm9-fractal-ev-1\/","title":{"rendered":"Pedalcase  Fractal FM9 + Fractal EV-1"},"content":{"rendered":"<p>Haubencase f\u00fcr Fractal FM9 inkl. Fractal EV-1 (rechts)<\/p>\n<p>Stabiles und praxisorientiert gefertigtes Haubencase, passgenau f\u00fcr das Fractal FM9 Multi-Effektger\u00e4t<br \/>\ninklusive rechts positioniertem Fractal EV-1 Pedal.<\/p>\n<p>Die hochwertige Schaumstoffpolsterung gew\u00e4hrleistet optimalen Schutz vor St\u00f6\u00dfen und Vibrationen und<br \/>\nsorgt f\u00fcr sicheren Halt beim Transport.<\/p>\n<p>Im hinteren Bereich des Unterteils befindet sich zus\u00e4tzlicher Stauraum f\u00fcr Kabel und weiteres Zubeh\u00f6r,<br \/>\nsodass s\u00e4mtliches Equipment kompakt und ordentlich verstaut werden kann.<\/p>\n<p>Das Ger\u00e4t kann im Unterteil des Cases verbleiben und direkt bedient werden &#8211; ideal f\u00fcr schnellen<br \/>\nAuf- und Abbau im Live- und Touring-Einsatz.<br \/>\nRobust, funktional und durchdacht konstruiert f\u00fcr den professionellen B\u00fchneneinsatz.<\/p>\n<p>6,8 mm Multiplex Phenol braun<br \/>\n22&#215;22 mm Aluminiumprofil<br \/>\n4 L-Ecken medium<br \/>\n2 Butterfly Verschl\u00fcsse klein<br \/>\n1 Koffergriff<br \/>\n8 Stahlkugelecken klein<br \/>\n4 Gummif\u00fc\u00dfe<br \/>\nSchaumstoffpolsterung <\/p>\n<p>hergestellt in Deutschland<br \/>\nAu\u00dfenma\u00dfe BxTxH: ca. 735 x 440 x 160 mm<br \/>\nGewicht: ca. 6 kg<\/p>\n","protected":false},"excerpt":{"rendered":"<p>Haubencase f\u00fcr Fractal FM9 inkl. Fractal EV-1 (rechts) Stabiles und praxisorientiert gefertigtes Haubencase, passgenau f\u00fcr das Fractal FM9 Multi-Effektger\u00e4t inklusive<\/p>\n","protected":false},"featured_media":290953,"template":"","meta":{"_acf_changed":false},"product_brand":[],"product_cat":[15823],"product_tag":[],"class_list":{"0":"post-256838","1":"product","2":"type-product","3":"status-publish","4":"has-post-thumbnail","6":"product_cat-pedalcase","8":"first","9":"instock","10":"taxable","11":"shipping-taxable","12":"purchasable","13":"product-type-simple"},"acf":[],"_links":{"self":[{"href":"https:\/\/megacase.com\/de\/wp-json\/wp\/v2\/product\/256838","targetHints":{"allow":["GET"]}}],"collection":[{"href":"https:\/\/megacase.com\/de\/wp-json\/wp\/v2\/product"}],"about":[{"href":"https:\/\/megacase.com\/de\/wp-json\/wp\/v2\/types\/product"}],"wp:featuredmedia":[{"embeddable":true,"href":"https:\/\/megacase.com\/de\/wp-json\/wp\/v2\/media\/290953"}],"wp:attachment":[{"href":"https:\/\/megacase.com\/de\/wp-json\/wp\/v2\/media?parent=256838"}],"wp:term":[{"taxonomy":"product_brand","embeddable":true,"href":"https:\/\/megacase.com\/de\/wp-json\/wp\/v2\/product_brand?post=256838"},{"taxonomy":"product_cat","embeddable":true,"href":"https:\/\/megacase.com\/de\/wp-json\/wp\/v2\/product_cat?post=256838"},{"taxonomy":"product_tag","embeddable":true,"href":"https:\/\/megacase.com\/de\/wp-json\/wp\/v2\/product_tag?post=256838"}],"curies":[{"name":"wp","href":"https:\/\/api.w.org\/{rel}","templated":true}]}}