{"id":255892,"date":"2024-02-28T15:13:16","date_gmt":"2024-02-28T14:13:16","guid":{"rendered":"https:\/\/megacase.com\/?post_type=product&#038;p=255892"},"modified":"2026-03-25T16:40:19","modified_gmt":"2026-03-25T15:40:19","slug":"flightcase-leslie-2103-mkii","status":"publish","type":"product","link":"https:\/\/megacase.com\/de\/produkt\/flightcase-leslie-2103-mkii\/","title":{"rendered":"Flightcase Leslie 2103 MkII"},"content":{"rendered":"<p>passendes Haubencase f\u00fcr Leslie 2103 MKII Keyboard Verst\u00e4rker<br \/>\nLeslie steht b\u00fcndig mit Schlie\u00dfprofil<br \/>\nHaube,<br \/>\n6,8 mm Multiplex phenol braun,<br \/>\n30&#215;30 mm Alukante,<br \/>\n4 Butterfly mittel,<br \/>\n4 Klappgriff mittel,<br \/>\n8 Kugelecke medium,<br \/>\n4 Lenkrolle davon 2 gebremst<br \/>\nSchaumstoffpolsterung,<br \/>\nhergestellt in Deutschland<br \/>\nAu\u00dfenma\u00dfe BxTxH 593x585x577 mm<br \/>\nGewicht: 19,4 kg<br \/>\nHergestellt in Deutschland<\/p>\n","protected":false},"excerpt":{"rendered":"<p>passendes Haubencase f\u00fcr Leslie 2103 MKII Keyboard Verst\u00e4rker Leslie steht b\u00fcndig mit Schlie\u00dfprofil Haube, 6,8 mm Multiplex phenol braun, 30&#215;30<\/p>\n","protected":false},"featured_media":255901,"template":"","meta":{"_acf_changed":false},"product_brand":[],"product_cat":[13511],"product_tag":[],"class_list":{"0":"post-255892","1":"product","2":"type-product","3":"status-publish","4":"has-post-thumbnail","6":"product_cat-keyboard-cases","8":"first","9":"instock","10":"taxable","11":"shipping-taxable","12":"purchasable","13":"product-type-simple"},"acf":[],"_links":{"self":[{"href":"https:\/\/megacase.com\/de\/wp-json\/wp\/v2\/product\/255892","targetHints":{"allow":["GET"]}}],"collection":[{"href":"https:\/\/megacase.com\/de\/wp-json\/wp\/v2\/product"}],"about":[{"href":"https:\/\/megacase.com\/de\/wp-json\/wp\/v2\/types\/product"}],"wp:featuredmedia":[{"embeddable":true,"href":"https:\/\/megacase.com\/de\/wp-json\/wp\/v2\/media\/255901"}],"wp:attachment":[{"href":"https:\/\/megacase.com\/de\/wp-json\/wp\/v2\/media?parent=255892"}],"wp:term":[{"taxonomy":"product_brand","embeddable":true,"href":"https:\/\/megacase.com\/de\/wp-json\/wp\/v2\/product_brand?post=255892"},{"taxonomy":"product_cat","embeddable":true,"href":"https:\/\/megacase.com\/de\/wp-json\/wp\/v2\/product_cat?post=255892"},{"taxonomy":"product_tag","embeddable":true,"href":"https:\/\/megacase.com\/de\/wp-json\/wp\/v2\/product_tag?post=255892"}],"curies":[{"name":"wp","href":"https:\/\/api.w.org\/{rel}","templated":true}]}}