{"id":255730,"date":"2024-02-23T12:48:34","date_gmt":"2024-02-23T11:48:34","guid":{"rendered":"https:\/\/megacase.com\/?post_type=product&#038;p=255730"},"modified":"2026-03-25T16:40:20","modified_gmt":"2026-03-25T15:40:20","slug":"workstation-m-a-grandma3-onpc-commandwing-faderwing3-rg","status":"publish","type":"product","link":"https:\/\/megacase.com\/de\/produkt\/workstation-m-a-grandma3-onpc-commandwing-faderwing3-rg\/","title":{"rendered":"Workstation M\/A grandMA3 onPC CommandWing + Faderwing3  RG"},"content":{"rendered":"<p>Winkel Workstation f\u00fcr  M\/A grandMA3 onPC CommandWing + Faderwing3<br \/>\nmit Monitorbr\u00fccke und Tastaturauszug<br \/>\npassend f\u00fcr 2x 23&#8243;Monitor mit max. Ma\u00dfen 557x340x55mm (z.B. Eizo T2381W)<br \/>\nKabelkanal hinter den Ger\u00e4ten,<br \/>\nWinkelcase,<br \/>\n6,8 mm Multiplex schwarz RAL 9004,<br \/>\n30\/30 Alukante,<br \/>\n8 L-Ecke medium,<br \/>\n8 Butterfly mittel,<br \/>\n5 Klappgriff medium,<br \/>\n4 Kugelecke mittel,<br \/>\n4 Kugelecke mittel L-Ecke,<br \/>\n4 Lenkrolle, davon 2x gebremst,<br \/>\n1 Rollbrett,<br \/>\n2 Rutschleiste unten,<br \/>\nInnenausbau,<br \/>\nSchaumstoff,<br \/>\nHergestellt in Deutschland<\/p>\n<p>Au\u00dfenma\u00dfe ca. BxTxH 1245x815x365mm<br \/>\nGewicht ca. 41,9KG<\/p>\n","protected":false},"excerpt":{"rendered":"<p>Winkel Workstation f\u00fcr M\/A grandMA3 onPC CommandWing + Faderwing3 mit Monitorbr\u00fccke und Tastaturauszug passend f\u00fcr 2x 23&#8243;Monitor mit max. Ma\u00dfen<\/p>\n","protected":false},"featured_media":255739,"template":"","meta":{"_acf_changed":false},"product_brand":[],"product_cat":[13495,13572,13627],"product_tag":[14874],"class_list":{"0":"post-255730","1":"product","2":"type-product","3":"status-publish","4":"has-post-thumbnail","6":"product_cat-mischpult-cases","7":"product_cat-ma-lighting","8":"product_cat-lichtcases","9":"product_tag-m-a-lighting","11":"first","12":"instock","13":"taxable","14":"shipping-taxable","15":"purchasable","16":"product-type-simple"},"acf":[],"_links":{"self":[{"href":"https:\/\/megacase.com\/de\/wp-json\/wp\/v2\/product\/255730","targetHints":{"allow":["GET"]}}],"collection":[{"href":"https:\/\/megacase.com\/de\/wp-json\/wp\/v2\/product"}],"about":[{"href":"https:\/\/megacase.com\/de\/wp-json\/wp\/v2\/types\/product"}],"wp:featuredmedia":[{"embeddable":true,"href":"https:\/\/megacase.com\/de\/wp-json\/wp\/v2\/media\/255739"}],"wp:attachment":[{"href":"https:\/\/megacase.com\/de\/wp-json\/wp\/v2\/media?parent=255730"}],"wp:term":[{"taxonomy":"product_brand","embeddable":true,"href":"https:\/\/megacase.com\/de\/wp-json\/wp\/v2\/product_brand?post=255730"},{"taxonomy":"product_cat","embeddable":true,"href":"https:\/\/megacase.com\/de\/wp-json\/wp\/v2\/product_cat?post=255730"},{"taxonomy":"product_tag","embeddable":true,"href":"https:\/\/megacase.com\/de\/wp-json\/wp\/v2\/product_tag?post=255730"}],"curies":[{"name":"wp","href":"https:\/\/api.w.org\/{rel}","templated":true}]}}