{"id":255232,"date":"2024-02-13T13:26:43","date_gmt":"2024-02-13T12:26:43","guid":{"rendered":"https:\/\/megacase.com\/?post_type=product&#038;p=255232"},"modified":"2026-03-25T16:40:23","modified_gmt":"2026-03-25T15:40:23","slug":"case-showtec-followspot-led-120w-stativ-wheel","status":"publish","type":"product","link":"https:\/\/megacase.com\/de\/produkt\/case-showtec-followspot-led-120w-stativ-wheel\/","title":{"rendered":"Case Showtec Followspot LED 120W + Stativ + wheel"},"content":{"rendered":"<p>Truhencase auf Rollen mit F\u00e4chern f\u00fcr Stativ und Zubeh\u00f6r<br \/>\npassend f\u00fcr einen Showtec Followspot LED 120W<br \/>\naus 6,8 mm Multiplexholz<br \/>\nFarbe phenol braun<br \/>\n30&#215;30 mm Alukante,<br \/>\n2 Butterfly mittel,<br \/>\n2 Feststellscharnier gro\u00df,<br \/>\n4 Klappgriff mittel,<br \/>\n4 Kugelecke medium,<br \/>\n4 Kugelecke mit L-Ecke medium,<br \/>\n4 Lenkrolle (2 gebremst),<br \/>\nInnenausbau,<br \/>\nSchaumstoffpolsterung,<br \/>\nFach f\u00fcr Stativ<br \/>\nZubeh\u00f6rfach<br \/>\nhergestellt in Deutschland<br \/>\nAu\u00dfenma\u00dfe: BxTxH 890x495x488 mm<br \/>\nGewicht: 27,8 kg<\/p>\n","protected":false},"excerpt":{"rendered":"<p>Truhencase auf Rollen mit F\u00e4chern f\u00fcr Stativ und Zubeh\u00f6r passend f\u00fcr einen Showtec Followspot LED 120W aus 6,8 mm Multiplexholz<\/p>\n","protected":false},"featured_media":255233,"template":"","meta":{"_acf_changed":false},"product_brand":[],"product_cat":[13627],"product_tag":[],"class_list":{"0":"post-255232","1":"product","2":"type-product","3":"status-publish","4":"has-post-thumbnail","6":"product_cat-lichtcases","8":"first","9":"instock","10":"taxable","11":"shipping-taxable","12":"purchasable","13":"product-type-simple"},"acf":[],"_links":{"self":[{"href":"https:\/\/megacase.com\/de\/wp-json\/wp\/v2\/product\/255232","targetHints":{"allow":["GET"]}}],"collection":[{"href":"https:\/\/megacase.com\/de\/wp-json\/wp\/v2\/product"}],"about":[{"href":"https:\/\/megacase.com\/de\/wp-json\/wp\/v2\/types\/product"}],"wp:featuredmedia":[{"embeddable":true,"href":"https:\/\/megacase.com\/de\/wp-json\/wp\/v2\/media\/255233"}],"wp:attachment":[{"href":"https:\/\/megacase.com\/de\/wp-json\/wp\/v2\/media?parent=255232"}],"wp:term":[{"taxonomy":"product_brand","embeddable":true,"href":"https:\/\/megacase.com\/de\/wp-json\/wp\/v2\/product_brand?post=255232"},{"taxonomy":"product_cat","embeddable":true,"href":"https:\/\/megacase.com\/de\/wp-json\/wp\/v2\/product_cat?post=255232"},{"taxonomy":"product_tag","embeddable":true,"href":"https:\/\/megacase.com\/de\/wp-json\/wp\/v2\/product_tag?post=255232"}],"curies":[{"name":"wp","href":"https:\/\/api.w.org\/{rel}","templated":true}]}}