{"id":254791,"date":"2024-02-13T11:47:16","date_gmt":"2024-02-13T10:47:16","guid":{"rendered":"https:\/\/megacase.com\/?post_type=product&#038;p=254791"},"modified":"2026-03-25T16:28:28","modified_gmt":"2026-03-25T15:28:28","slug":"fightcase-carrier-fks-500-wheel","status":"publish","type":"product","link":"https:\/\/megacase.com\/de\/produkt\/fightcase-carrier-fks-500-wheel\/","title":{"rendered":"Fightcase Carrier FKS 500 + wheel"},"content":{"rendered":"<p>Singel Door Case f\u00fcr einen Umluft K\u00fchlschrank mit Spezial Serficeklappe und gro\u00dfem L\u00fcftungsgitter.<br \/>\nDeckel zum seitlichen einh\u00e4gen und mit 4 Klappf\u00fc\u00dfen als Tisch nutzbar.<br \/>\n9 mm Multiplex grau, (RAL 7046)<br \/>\n30&#215;30 mm Alukante,<br \/>\n4 Butterfly mittel,<br \/>\n4 Klappgriff mittel,<br \/>\n8 Stahlkugelecken gro\u00df,<br \/>\n4 Klappf\u00fc\u00dfe<br \/>\n2 Kantengriffe<br \/>\nL\u00fcftungsgitter<br \/>\nServiceklappe hinten<br \/>\nDeckelhaken zum seitlichen aufh\u00e4ngen<br \/>\nInnenausbau<br \/>\nSchaumstoff,<br \/>\nAu\u00dfenma\u00dfe BxTxH 780x820x1740 mm<br \/>\nGewicht: 64,8 kg<br \/>\nMade in Germany<\/p>\n","protected":false},"excerpt":{"rendered":"<p>Singel Door Case f\u00fcr einen Umluft K\u00fchlschrank mit Spezial Serficeklappe und gro\u00dfem L\u00fcftungsgitter. Deckel zum seitlichen einh\u00e4gen und mit 4<\/p>\n","protected":false},"featured_media":254800,"template":"","meta":{"_acf_changed":false},"product_brand":[],"product_cat":[13565],"product_tag":[],"class_list":{"0":"post-254791","1":"product","2":"type-product","3":"status-publish","4":"has-post-thumbnail","6":"product_cat-catering-und-event-cases","8":"first","9":"instock","10":"taxable","11":"shipping-taxable","12":"purchasable","13":"product-type-simple"},"acf":[],"_links":{"self":[{"href":"https:\/\/megacase.com\/de\/wp-json\/wp\/v2\/product\/254791","targetHints":{"allow":["GET"]}}],"collection":[{"href":"https:\/\/megacase.com\/de\/wp-json\/wp\/v2\/product"}],"about":[{"href":"https:\/\/megacase.com\/de\/wp-json\/wp\/v2\/types\/product"}],"wp:featuredmedia":[{"embeddable":true,"href":"https:\/\/megacase.com\/de\/wp-json\/wp\/v2\/media\/254800"}],"wp:attachment":[{"href":"https:\/\/megacase.com\/de\/wp-json\/wp\/v2\/media?parent=254791"}],"wp:term":[{"taxonomy":"product_brand","embeddable":true,"href":"https:\/\/megacase.com\/de\/wp-json\/wp\/v2\/product_brand?post=254791"},{"taxonomy":"product_cat","embeddable":true,"href":"https:\/\/megacase.com\/de\/wp-json\/wp\/v2\/product_cat?post=254791"},{"taxonomy":"product_tag","embeddable":true,"href":"https:\/\/megacase.com\/de\/wp-json\/wp\/v2\/product_tag?post=254791"}],"curies":[{"name":"wp","href":"https:\/\/api.w.org\/{rel}","templated":true}]}}