{"id":253337,"date":"2023-11-13T20:33:56","date_gmt":"2023-11-13T19:33:56","guid":{"rendered":"https:\/\/megacase.com\/?post_type=product&#038;p=253337"},"modified":"2026-03-25T16:28:30","modified_gmt":"2026-03-25T15:28:30","slug":"flightcase-pioneer-djs-1000","status":"publish","type":"product","link":"https:\/\/megacase.com\/de\/produkt\/flightcase-pioneer-djs-1000\/","title":{"rendered":"Flightcase  Pioneer DJS-1000"},"content":{"rendered":"<p>Nach den Ger\u00e4tema\u00dfen des Pioneer DJS-1000, wird dieses Case gebaut.<br \/>\nAlle Anschl\u00fcsse sind frei zug\u00e4nglich damit der Sampler direkt im Unterteil bedient werden kann.<br \/>\naus 6,8 mm Multiplex<br \/>\nFarbe Phenolharz beschichtet braun<br \/>\n25&#215;25 mm Alukante<br \/>\nmind. 1 cm Schaumstoffpolsterung<br \/>\n2 gefederte Butterfly-Verschl\u00fcsse medium<br \/>\nKoffergriff<br \/>\nStahlkugelecken<br \/>\nGummif\u00fc\u00dfe<br \/>\nPlatz f\u00fcr Netzkabel<br \/>\nhergestellt in Deutschland<br \/>\nAu\u00dfenma\u00dfe: BxTxH 390x505x190 mm<br \/>\nGewicht: 5,3 kg<\/p>\n","protected":false},"excerpt":{"rendered":"<p>Nach den Ger\u00e4tema\u00dfen des Pioneer DJS-1000, wird dieses Case gebaut. Alle Anschl\u00fcsse sind frei zug\u00e4nglich damit der Sampler direkt im<\/p>\n","protected":false},"featured_media":253354,"template":"","meta":{"_acf_changed":false},"product_brand":[],"product_cat":[15904],"product_tag":[13757],"class_list":{"0":"post-253337","1":"product","2":"type-product","3":"status-publish","4":"has-post-thumbnail","6":"product_cat-case-fuer-pa-equipment","7":"product_tag-pioneer","9":"first","10":"instock","11":"taxable","12":"shipping-taxable","13":"purchasable","14":"product-type-simple"},"acf":[],"_links":{"self":[{"href":"https:\/\/megacase.com\/de\/wp-json\/wp\/v2\/product\/253337","targetHints":{"allow":["GET"]}}],"collection":[{"href":"https:\/\/megacase.com\/de\/wp-json\/wp\/v2\/product"}],"about":[{"href":"https:\/\/megacase.com\/de\/wp-json\/wp\/v2\/types\/product"}],"wp:featuredmedia":[{"embeddable":true,"href":"https:\/\/megacase.com\/de\/wp-json\/wp\/v2\/media\/253354"}],"wp:attachment":[{"href":"https:\/\/megacase.com\/de\/wp-json\/wp\/v2\/media?parent=253337"}],"wp:term":[{"taxonomy":"product_brand","embeddable":true,"href":"https:\/\/megacase.com\/de\/wp-json\/wp\/v2\/product_brand?post=253337"},{"taxonomy":"product_cat","embeddable":true,"href":"https:\/\/megacase.com\/de\/wp-json\/wp\/v2\/product_cat?post=253337"},{"taxonomy":"product_tag","embeddable":true,"href":"https:\/\/megacase.com\/de\/wp-json\/wp\/v2\/product_tag?post=253337"}],"curies":[{"name":"wp","href":"https:\/\/api.w.org\/{rel}","templated":true}]}}