{"id":253055,"date":"2023-11-13T18:30:41","date_gmt":"2023-11-13T17:30:41","guid":{"rendered":"https:\/\/megacase.com\/?post_type=product&#038;p=253055"},"modified":"2026-03-25T16:28:31","modified_gmt":"2026-03-25T15:28:31","slug":"flightcase-blackmagic-atem-television-studio-hd8-iso-bk","status":"publish","type":"product","link":"https:\/\/megacase.com\/de\/produkt\/flightcase-blackmagic-atem-television-studio-hd8-iso-bk\/","title":{"rendered":"Flightcase Blackmagic Atem Television Studio HD8 ISO bk"},"content":{"rendered":"<p>Winkelcase f\u00fcr ein Blackmagic Atem Television Studio HD8 ISO<br \/>\nIn der oberen Rackeinheit ein gefr\u00e4ste Holzplate als Einbaurahmen f\u00fcr<br \/>\nBlackmagic Design SmartView 4K v2,<br \/>\naus 6,8mm Multiplex beschichtet<br \/>\nFarbe RAL 9004 schwarz,<br \/>\n25 x 25 mm Alukante,<br \/>\n4 Butterfly- Verschl\u00fcsse mittel,<br \/>\n5 Klappgriffe mittel,<br \/>\n8 Kugelecken mittel,<br \/>\nScharniere,<br \/>\n1 Butterfly mini,<br \/>\n4 Gummif\u00fc\u00dfe,<br \/>\n5,5HE hinter Controller zur freien Verf\u00fcgung,<br \/>\n2HE \u00fcber Controller gut erreichbar,<br \/>\nDeckel mit Serviceklappe zum verkabeln des Monitors,<br \/>\nDeckel hinten abnehmbar,<br \/>\nhinten 5,5HE zur freien Verf\u00fcgung,<br \/>\nSchaumstoffpolsterung,<br \/>\nHergestellt in Deutschland<\/p>\n<p>Au\u00dfenma\u00dfe: BxTxH 680x795x340mm<br \/>\nGewicht: 15,5 Kg<\/p>\n","protected":false},"excerpt":{"rendered":"<p>Winkelcase f\u00fcr ein Blackmagic Atem Television Studio HD8 ISO In der oberen Rackeinheit ein gefr\u00e4ste Holzplate als Einbaurahmen f\u00fcr Blackmagic<\/p>\n","protected":false},"featured_media":253089,"template":"","meta":{"_acf_changed":false},"product_brand":[],"product_cat":[16061],"product_tag":[15803],"class_list":{"0":"post-253055","1":"product","2":"type-product","3":"status-publish","4":"has-post-thumbnail","6":"product_cat-cases-fuer-video-equipment","7":"product_tag-blackmagic","9":"first","10":"instock","11":"taxable","12":"shipping-taxable","13":"purchasable","14":"product-type-simple"},"acf":[],"_links":{"self":[{"href":"https:\/\/megacase.com\/de\/wp-json\/wp\/v2\/product\/253055","targetHints":{"allow":["GET"]}}],"collection":[{"href":"https:\/\/megacase.com\/de\/wp-json\/wp\/v2\/product"}],"about":[{"href":"https:\/\/megacase.com\/de\/wp-json\/wp\/v2\/types\/product"}],"wp:featuredmedia":[{"embeddable":true,"href":"https:\/\/megacase.com\/de\/wp-json\/wp\/v2\/media\/253089"}],"wp:attachment":[{"href":"https:\/\/megacase.com\/de\/wp-json\/wp\/v2\/media?parent=253055"}],"wp:term":[{"taxonomy":"product_brand","embeddable":true,"href":"https:\/\/megacase.com\/de\/wp-json\/wp\/v2\/product_brand?post=253055"},{"taxonomy":"product_cat","embeddable":true,"href":"https:\/\/megacase.com\/de\/wp-json\/wp\/v2\/product_cat?post=253055"},{"taxonomy":"product_tag","embeddable":true,"href":"https:\/\/megacase.com\/de\/wp-json\/wp\/v2\/product_tag?post=253055"}],"curies":[{"name":"wp","href":"https:\/\/api.w.org\/{rel}","templated":true}]}}