{"id":252646,"date":"2023-11-06T14:57:27","date_gmt":"2023-11-06T13:57:27","guid":{"rendered":"https:\/\/megacase.com\/?post_type=product&#038;p=252646"},"modified":"2026-03-25T16:28:34","modified_gmt":"2026-03-25T15:28:34","slug":"koffer-farbe-fuer-ah-xone-23-mit-platz-fuer-netzteil","status":"publish","type":"product","link":"https:\/\/megacase.com\/de\/produkt\/koffer-farbe-fuer-ah-xone-23-mit-platz-fuer-netzteil\/","title":{"rendered":"Koffer Farbe f\u00fcr A&#038;H Xone 23 mit Platz f\u00fcr Netzteil"},"content":{"rendered":"<p>Koffer f\u00fcr einen DJ Mixer Allen &#038; Heath Xone 23 mit Platz f\u00fcr ein Netzteil.<br \/>\nBei ge\u00f6ffnetem Case sind die hinteren Anschl\u00fcsse direkt erreichbar.<br \/>\nAus 6,8 mm Multiplex<br \/>\nfarbig beschichtet<br \/>\n<a href=\"https:\/\/megacase.com\/de\/farben-beschichtungen\/\">Farbe frei w\u00e4hlbar<\/a><br \/>\n22&#215;22 mm Alukante<br \/>\n2 Butterfly-Verschluss<br \/>\n1 Koffergriff<br \/>\n8 Kugelecke klein<br \/>\n4 Gummif\u00fc\u00dfe 25&#215;15<br \/>\nSchaumstoffpolsterung<br \/>\nHergestellt in Deutschland<br \/>\nAu\u00dfenma\u00dfe: BxTxH 290x443x162 mm,<br \/>\nGewicht: 3,2 kg,<br \/>\nHergestellt in Germany<\/p>\n","protected":false},"excerpt":{"rendered":"<p>Koffer f\u00fcr einen DJ Mixer Allen &#038; Heath Xone 23 mit Platz f\u00fcr ein Netzteil. Bei ge\u00f6ffnetem Case sind die<\/p>\n","protected":false},"featured_media":252647,"template":"","meta":{"_acf_changed":false},"product_brand":[],"product_cat":[13491,13493],"product_tag":[15394],"class_list":{"0":"post-252646","1":"product","2":"type-product","3":"status-publish","4":"has-post-thumbnail","6":"product_cat-allen-heath","7":"product_cat-dj-equipment-cases","8":"product_tag-allen-heath-2","10":"first","11":"instock","12":"taxable","13":"shipping-taxable","14":"purchasable","15":"product-type-simple"},"acf":[],"_links":{"self":[{"href":"https:\/\/megacase.com\/de\/wp-json\/wp\/v2\/product\/252646","targetHints":{"allow":["GET"]}}],"collection":[{"href":"https:\/\/megacase.com\/de\/wp-json\/wp\/v2\/product"}],"about":[{"href":"https:\/\/megacase.com\/de\/wp-json\/wp\/v2\/types\/product"}],"wp:featuredmedia":[{"embeddable":true,"href":"https:\/\/megacase.com\/de\/wp-json\/wp\/v2\/media\/252647"}],"wp:attachment":[{"href":"https:\/\/megacase.com\/de\/wp-json\/wp\/v2\/media?parent=252646"}],"wp:term":[{"taxonomy":"product_brand","embeddable":true,"href":"https:\/\/megacase.com\/de\/wp-json\/wp\/v2\/product_brand?post=252646"},{"taxonomy":"product_cat","embeddable":true,"href":"https:\/\/megacase.com\/de\/wp-json\/wp\/v2\/product_cat?post=252646"},{"taxonomy":"product_tag","embeddable":true,"href":"https:\/\/megacase.com\/de\/wp-json\/wp\/v2\/product_tag?post=252646"}],"curies":[{"name":"wp","href":"https:\/\/api.w.org\/{rel}","templated":true}]}}