{"id":251866,"date":"2026-03-26T10:45:57","date_gmt":"2026-03-26T09:45:57","guid":{"rendered":"https:\/\/megacase.com\/?post_type=product&#038;p=251866"},"modified":"2026-03-26T10:45:57","modified_gmt":"2026-03-26T09:45:57","slug":"inlay-akg-wms-40-mini-dual-vocal-kopie","status":"publish","type":"product","link":"https:\/\/megacase.com\/de\/produkt\/inlay-akg-wms-40-mini-dual-vocal-kopie\/","title":{"rendered":"Inlay AKG WMS 40 mini dual Vocal (Kopie)"},"content":{"rendered":"<p>passend f\u00fcr <a href=\"https:\/\/megacase.com\/de\/produkt\/19-rackschublade-stahl-2he-abschliessbar\/\">2HE Rackschublade<\/a> mit Vollauszug oder Inlay System Koffer<br \/>\nf\u00fcr AKG WMS 40 Mini Dual Vocal Wireless System<br \/>\nSchaumstoffh\u00f6he: 60 mm<br \/>\nMa\u00dfe BxT: 375 x 405 mm<br \/>\nzweifarbiger Schaumstoff schwarz\/rot<br \/>\nAusfr\u00e4sung f\u00fcr Ersatzbatterien<br \/>\nhergestellt in Deutschland<br \/>\nAu\u00dfenma\u00dfe BxTxH: ca. 375 x 405 x 60 mm<br \/>\nGewicht: ca. 0,8 kg<\/p>\n","protected":false},"excerpt":{"rendered":"<p>passend f\u00fcr 2HE Rackschublade mit Vollauszug oder Inlay System Koffer f\u00fcr AKG WMS 40 Mini Dual Vocal Wireless System Schaumstoffh\u00f6he:<\/p>\n","protected":false},"featured_media":236355,"template":"","meta":{"_acf_changed":false},"product_brand":[],"product_cat":[15904],"product_tag":[],"class_list":{"0":"post-251866","1":"product","2":"type-product","3":"status-publish","4":"has-post-thumbnail","6":"product_cat-case-fuer-pa-equipment","8":"first","9":"instock","10":"taxable","11":"shipping-taxable","12":"purchasable","13":"product-type-simple"},"acf":[],"_links":{"self":[{"href":"https:\/\/megacase.com\/de\/wp-json\/wp\/v2\/product\/251866","targetHints":{"allow":["GET"]}}],"collection":[{"href":"https:\/\/megacase.com\/de\/wp-json\/wp\/v2\/product"}],"about":[{"href":"https:\/\/megacase.com\/de\/wp-json\/wp\/v2\/types\/product"}],"wp:featuredmedia":[{"embeddable":true,"href":"https:\/\/megacase.com\/de\/wp-json\/wp\/v2\/media\/236355"}],"wp:attachment":[{"href":"https:\/\/megacase.com\/de\/wp-json\/wp\/v2\/media?parent=251866"}],"wp:term":[{"taxonomy":"product_brand","embeddable":true,"href":"https:\/\/megacase.com\/de\/wp-json\/wp\/v2\/product_brand?post=251866"},{"taxonomy":"product_cat","embeddable":true,"href":"https:\/\/megacase.com\/de\/wp-json\/wp\/v2\/product_cat?post=251866"},{"taxonomy":"product_tag","embeddable":true,"href":"https:\/\/megacase.com\/de\/wp-json\/wp\/v2\/product_tag?post=251866"}],"curies":[{"name":"wp","href":"https:\/\/api.w.org\/{rel}","templated":true}]}}