{"id":250926,"date":"2023-03-09T08:24:57","date_gmt":"2023-03-09T07:24:57","guid":{"rendered":"https:\/\/megacase.com\/?post_type=product&#038;p=250926"},"modified":"2026-03-25T16:28:41","modified_gmt":"2026-03-25T15:28:41","slug":"case-grandma3-on-pc-command-wing-27","status":"publish","type":"product","link":"https:\/\/megacase.com\/de\/produkt\/case-grandma3-on-pc-command-wing-27\/","title":{"rendered":"Case GrandMA3 on PC Command Wing +27&#8243;"},"content":{"rendered":"<p>Live Winkelcase f\u00fcr ein MA GrandMA3 on PC Command Wing mit VESA Halterung f\u00fcr<br \/>\nProLite inkl Monitorbr\u00fccke und Tastaturauszug.<br \/>\nAus 6,8 mm Multiplex beschichtet<br \/>\nFarbe: frei w\u00e4hlbar<br \/>\n30&#215;30 mm Alukante<br \/>\n8 Butterfly Verschl\u00fcsse mittel<br \/>\n10 Klappgriffe mittel<br \/>\n8 Kugelecken<br \/>\n4 Lenkrollen 100 mm davon sind 2 gebremst<br \/>\nSchaumstoffpolsterung<br \/>\nMonitorbr\u00fccke<br \/>\nTastaturauszug<br \/>\nAu\u00dfenma\u00dfe BxTxH 775x375x820 mm<br \/>\nGewicht: 36,4 kg<br \/>\nHergestellt in Deutschland<\/p>\n","protected":false},"excerpt":{"rendered":"<p>Live Winkelcase f\u00fcr ein MA GrandMA3 on PC Command Wing mit VESA Halterung f\u00fcr ProLite inkl Monitorbr\u00fccke und Tastaturauszug. Aus<\/p>\n","protected":false},"featured_media":265879,"template":"","meta":{"_acf_changed":false},"product_brand":[],"product_cat":[13495,13572],"product_tag":[14874],"class_list":{"0":"post-250926","1":"product","2":"type-product","3":"status-publish","4":"has-post-thumbnail","6":"product_cat-mischpult-cases","7":"product_cat-ma-lighting","8":"product_tag-m-a-lighting","10":"first","11":"instock","12":"taxable","13":"shipping-taxable","14":"purchasable","15":"product-type-simple"},"acf":[],"_links":{"self":[{"href":"https:\/\/megacase.com\/de\/wp-json\/wp\/v2\/product\/250926","targetHints":{"allow":["GET"]}}],"collection":[{"href":"https:\/\/megacase.com\/de\/wp-json\/wp\/v2\/product"}],"about":[{"href":"https:\/\/megacase.com\/de\/wp-json\/wp\/v2\/types\/product"}],"wp:featuredmedia":[{"embeddable":true,"href":"https:\/\/megacase.com\/de\/wp-json\/wp\/v2\/media\/265879"}],"wp:attachment":[{"href":"https:\/\/megacase.com\/de\/wp-json\/wp\/v2\/media?parent=250926"}],"wp:term":[{"taxonomy":"product_brand","embeddable":true,"href":"https:\/\/megacase.com\/de\/wp-json\/wp\/v2\/product_brand?post=250926"},{"taxonomy":"product_cat","embeddable":true,"href":"https:\/\/megacase.com\/de\/wp-json\/wp\/v2\/product_cat?post=250926"},{"taxonomy":"product_tag","embeddable":true,"href":"https:\/\/megacase.com\/de\/wp-json\/wp\/v2\/product_tag?post=250926"}],"curies":[{"name":"wp","href":"https:\/\/api.w.org\/{rel}","templated":true}]}}