{"id":246744,"date":"2022-11-03T13:18:02","date_gmt":"2022-11-03T12:18:02","guid":{"rendered":"https:\/\/megacase.com\/?post_type=product&#038;p=246744"},"modified":"2026-03-25T16:28:44","modified_gmt":"2026-03-25T15:28:44","slug":"lightcase-ignition-co6-v2-led-flood-rgbw","status":"publish","type":"product","link":"https:\/\/megacase.com\/de\/produkt\/lightcase-ignition-co6-v2-led-flood-rgbw\/","title":{"rendered":"Flightcase Ignition Co6 V2 LED Flood RGBW + Wheel"},"content":{"rendered":"<p>passende Truhe f\u00fcr 2 St\u00fcck Ignition Co6 V2 LED Flood RGBW oder 2 St\u00fcck Ignition Co6z LED Flood<br \/>\naus 6,5 mm Polyboard Kunststoff<br \/>\nFarbe schwarz<br \/>\n30&#215;30 mm Alukante<br \/>\n2 Butterfly Verschl\u00fcsse mittel<br \/>\n2 Feststellscharniere gro\u00df<br \/>\n4 Klappgriffe mittel<br \/>\n8 Stahlkugelecken mittel<br \/>\n4 Lenkrollen 100mm (2 davon mit Bremsen)<br \/>\nZubeh\u00f6rfach<br \/>\nSchaumstoffpolsterung<br \/>\nAu\u00dfenma\u00dfe BxTxH 655x465x500 mm<br \/>\nGewicht: 19,2 kg<br \/>\nhergestellt in Deutschland<\/p>\n","protected":false},"excerpt":{"rendered":"<p>passende Truhe f\u00fcr 2 St\u00fcck Ignition Co6 V2 LED Flood RGBW oder 2 St\u00fcck Ignition Co6z LED Flood aus 6,5<\/p>\n","protected":false},"featured_media":246778,"template":"","meta":{"_acf_changed":false},"product_brand":[],"product_cat":[13627],"product_tag":[],"class_list":{"0":"post-246744","1":"product","2":"type-product","3":"status-publish","4":"has-post-thumbnail","6":"product_cat-lichtcases","8":"first","9":"instock","10":"taxable","11":"shipping-taxable","12":"purchasable","13":"product-type-simple"},"acf":[],"_links":{"self":[{"href":"https:\/\/megacase.com\/de\/wp-json\/wp\/v2\/product\/246744","targetHints":{"allow":["GET"]}}],"collection":[{"href":"https:\/\/megacase.com\/de\/wp-json\/wp\/v2\/product"}],"about":[{"href":"https:\/\/megacase.com\/de\/wp-json\/wp\/v2\/types\/product"}],"wp:featuredmedia":[{"embeddable":true,"href":"https:\/\/megacase.com\/de\/wp-json\/wp\/v2\/media\/246778"}],"wp:attachment":[{"href":"https:\/\/megacase.com\/de\/wp-json\/wp\/v2\/media?parent=246744"}],"wp:term":[{"taxonomy":"product_brand","embeddable":true,"href":"https:\/\/megacase.com\/de\/wp-json\/wp\/v2\/product_brand?post=246744"},{"taxonomy":"product_cat","embeddable":true,"href":"https:\/\/megacase.com\/de\/wp-json\/wp\/v2\/product_cat?post=246744"},{"taxonomy":"product_tag","embeddable":true,"href":"https:\/\/megacase.com\/de\/wp-json\/wp\/v2\/product_tag?post=246744"}],"curies":[{"name":"wp","href":"https:\/\/api.w.org\/{rel}","templated":true}]}}