{"id":246636,"date":"2022-11-03T11:33:59","date_gmt":"2022-11-03T10:33:59","guid":{"rendered":"https:\/\/megacase.com\/?post_type=product&#038;p=246636"},"modified":"2026-03-25T16:28:44","modified_gmt":"2026-03-25T15:28:44","slug":"flightcase-adj-fog-fury-jett-2in1","status":"publish","type":"product","link":"https:\/\/megacase.com\/de\/produkt\/flightcase-adj-fog-fury-jett-2in1\/","title":{"rendered":"Flightcase ADJ Fog Fury Jett 2in1"},"content":{"rendered":"<p>ma\u00dfgeschneiderte Truhe f\u00fcr zwei ADJ Fog Fury Jett DMX Nebelmaschinen<br \/>\nmit Zubeh\u00f6rfach<br \/>\naus 6,5 mm Polyboard Kunststoff<br \/>\nFarbe schwarz<br \/>\n25&#215;25 mm Alukanten<br \/>\n2 Butterfly Verschl\u00fcsse mittel<br \/>\n2 Feststellscharniere<br \/>\n8 Stahlkugelecken<br \/>\n2 Klappgriffe mittel<br \/>\nZubh\u00f6rfach<br \/>\nSchaumstoffpolster<br \/>\nAu\u00dfenma\u00dfe BxTxH 575x475x380 mm<br \/>\nGewicht: 12,7 kg<br \/>\nHergestellt in Deutschland<\/p>\n","protected":false},"excerpt":{"rendered":"<p>ma\u00dfgeschneiderte Truhe f\u00fcr zwei ADJ Fog Fury Jett DMX Nebelmaschinen mit Zubeh\u00f6rfach aus 6,5 mm Polyboard Kunststoff Farbe schwarz 25&#215;25<\/p>\n","protected":false},"featured_media":246641,"template":"","meta":{"_acf_changed":false},"product_brand":[],"product_cat":[15918],"product_tag":[],"class_list":{"0":"post-246636","1":"product","2":"type-product","3":"status-publish","4":"has-post-thumbnail","6":"product_cat-nebelmaschine","8":"first","9":"instock","10":"taxable","11":"shipping-taxable","12":"purchasable","13":"product-type-simple"},"acf":[],"_links":{"self":[{"href":"https:\/\/megacase.com\/de\/wp-json\/wp\/v2\/product\/246636","targetHints":{"allow":["GET"]}}],"collection":[{"href":"https:\/\/megacase.com\/de\/wp-json\/wp\/v2\/product"}],"about":[{"href":"https:\/\/megacase.com\/de\/wp-json\/wp\/v2\/types\/product"}],"wp:featuredmedia":[{"embeddable":true,"href":"https:\/\/megacase.com\/de\/wp-json\/wp\/v2\/media\/246641"}],"wp:attachment":[{"href":"https:\/\/megacase.com\/de\/wp-json\/wp\/v2\/media?parent=246636"}],"wp:term":[{"taxonomy":"product_brand","embeddable":true,"href":"https:\/\/megacase.com\/de\/wp-json\/wp\/v2\/product_brand?post=246636"},{"taxonomy":"product_cat","embeddable":true,"href":"https:\/\/megacase.com\/de\/wp-json\/wp\/v2\/product_cat?post=246636"},{"taxonomy":"product_tag","embeddable":true,"href":"https:\/\/megacase.com\/de\/wp-json\/wp\/v2\/product_tag?post=246636"}],"curies":[{"name":"wp","href":"https:\/\/api.w.org\/{rel}","templated":true}]}}