{"id":246578,"date":"2022-11-03T11:12:49","date_gmt":"2022-11-03T10:12:49","guid":{"rendered":"https:\/\/megacase.com\/?post_type=product&#038;p=246578"},"modified":"2026-03-25T16:28:45","modified_gmt":"2026-03-25T15:28:45","slug":"flightcase-stairville-wild-wash-132","status":"publish","type":"product","link":"https:\/\/megacase.com\/de\/produkt\/flightcase-stairville-wild-wash-132\/","title":{"rendered":"Flightcase Stairville Wild Wash 132"},"content":{"rendered":"<p>ma\u00dfgefertigte Truhe f\u00fcr vier Stairville Wild Wash 132 oder vier Cameo Thunder Wash100<br \/>\npassend f\u00fcr je 4 St\u00fcck<br \/>\naus 6,5 mm Polyboard<br \/>\nFarbe schwarz<br \/>\n25\/25 Alukante<br \/>\n4 L-Ecke medium<br \/>\n2 Butterfly Verschl\u00fcsse mittel<br \/>\n2 Feststellscharniere gro\u00df<br \/>\n2 Klappgriffe medium<br \/>\n4 Kugelecken mittel L-Ecke<br \/>\n4 Kugelecken mittel stapelbar Schaumstoff<br \/>\nZubeh\u00f6rfach<br \/>\nSchaumstoffpolsterung<br \/>\nAu\u00dfenma\u00dfe BxTxH 662x430x220 mm<br \/>\nGewicht: 8,5 kg<br \/>\nhergestellt in Deutschland<\/p>\n","protected":false},"excerpt":{"rendered":"<p>ma\u00dfgefertigte Truhe f\u00fcr vier Stairville Wild Wash 132 oder vier Cameo Thunder Wash100 passend f\u00fcr je 4 St\u00fcck aus 6,5<\/p>\n","protected":false},"featured_media":246628,"template":"","meta":{"_acf_changed":false},"product_brand":[],"product_cat":[13627],"product_tag":[],"class_list":{"0":"post-246578","1":"product","2":"type-product","3":"status-publish","4":"has-post-thumbnail","6":"product_cat-lichtcases","8":"first","9":"instock","10":"taxable","11":"shipping-taxable","12":"purchasable","13":"product-type-simple"},"acf":[],"_links":{"self":[{"href":"https:\/\/megacase.com\/de\/wp-json\/wp\/v2\/product\/246578","targetHints":{"allow":["GET"]}}],"collection":[{"href":"https:\/\/megacase.com\/de\/wp-json\/wp\/v2\/product"}],"about":[{"href":"https:\/\/megacase.com\/de\/wp-json\/wp\/v2\/types\/product"}],"wp:featuredmedia":[{"embeddable":true,"href":"https:\/\/megacase.com\/de\/wp-json\/wp\/v2\/media\/246628"}],"wp:attachment":[{"href":"https:\/\/megacase.com\/de\/wp-json\/wp\/v2\/media?parent=246578"}],"wp:term":[{"taxonomy":"product_brand","embeddable":true,"href":"https:\/\/megacase.com\/de\/wp-json\/wp\/v2\/product_brand?post=246578"},{"taxonomy":"product_cat","embeddable":true,"href":"https:\/\/megacase.com\/de\/wp-json\/wp\/v2\/product_cat?post=246578"},{"taxonomy":"product_tag","embeddable":true,"href":"https:\/\/megacase.com\/de\/wp-json\/wp\/v2\/product_tag?post=246578"}],"curies":[{"name":"wp","href":"https:\/\/api.w.org\/{rel}","templated":true}]}}