{"id":246349,"date":"2022-11-02T14:09:51","date_gmt":"2022-11-02T13:09:51","guid":{"rendered":"https:\/\/megacase.com\/?post_type=product&#038;p=246349"},"modified":"2026-03-25T16:28:46","modified_gmt":"2026-03-25T15:28:46","slug":"microphone-flight-case-14-pb","status":"publish","type":"product","link":"https:\/\/megacase.com\/de\/produkt\/microphone-flight-case-14-pb\/","title":{"rendered":"Microphone Flight Case 14 PB"},"content":{"rendered":"<p>Der ideale Transportkoffer f\u00fcr alle g\u00e4ngigen Mikrofone.<br \/>\nDie Ger\u00e4te liegen sauber, von einander getrennt, in den gefr\u00e4sten Schaumstoff Inlays.<br \/>\nF\u00fcr Zubeh\u00f6r sind ebenfalls getrennte F\u00e4cher vorgesehen.<br \/>\n6,5 mm Poly Board<br \/>\nFarbe: schwarz<br \/>\n22&#215;22 mm Alukanten<br \/>\n2 Schnappschl\u00f6sser<br \/>\n2 Feststellscharniere<br \/>\n1 Koffergriff<br \/>\n8 Stahl Kugelecken<br \/>\nSchaumstoff Inlay f\u00fcr 14 Mikrofone<br \/>\nZubeh\u00f6rf\u00e4cher<br \/>\nHergestellt in Deutschland<br \/>\nAu\u00dfenma\u00dfe ca. BxTxH 66&#215;48,5&#215;12,8cm<br \/>\nGewicht ca. 6,48 kg<br \/>\nHinweis: Abgebildete Ger\u00e4te und Instrumente dienen lediglich der Veranschaulichung und sind nicht Bestandteil des Angebotes.<\/p>\n","protected":false},"excerpt":{"rendered":"<p>Der ideale Transportkoffer f\u00fcr alle g\u00e4ngigen Mikrofone. Die Ger\u00e4te liegen sauber, von einander getrennt, in den gefr\u00e4sten Schaumstoff Inlays. F\u00fcr<\/p>\n","protected":false},"featured_media":246402,"template":"","meta":{"_acf_changed":false},"product_brand":[],"product_cat":[15747],"product_tag":[],"class_list":{"0":"post-246349","1":"product","2":"type-product","3":"status-publish","4":"has-post-thumbnail","6":"product_cat-mikrofon-cases","8":"first","9":"instock","10":"taxable","11":"shipping-taxable","12":"purchasable","13":"product-type-simple"},"acf":[],"_links":{"self":[{"href":"https:\/\/megacase.com\/de\/wp-json\/wp\/v2\/product\/246349","targetHints":{"allow":["GET"]}}],"collection":[{"href":"https:\/\/megacase.com\/de\/wp-json\/wp\/v2\/product"}],"about":[{"href":"https:\/\/megacase.com\/de\/wp-json\/wp\/v2\/types\/product"}],"wp:featuredmedia":[{"embeddable":true,"href":"https:\/\/megacase.com\/de\/wp-json\/wp\/v2\/media\/246402"}],"wp:attachment":[{"href":"https:\/\/megacase.com\/de\/wp-json\/wp\/v2\/media?parent=246349"}],"wp:term":[{"taxonomy":"product_brand","embeddable":true,"href":"https:\/\/megacase.com\/de\/wp-json\/wp\/v2\/product_brand?post=246349"},{"taxonomy":"product_cat","embeddable":true,"href":"https:\/\/megacase.com\/de\/wp-json\/wp\/v2\/product_cat?post=246349"},{"taxonomy":"product_tag","embeddable":true,"href":"https:\/\/megacase.com\/de\/wp-json\/wp\/v2\/product_tag?post=246349"}],"curies":[{"name":"wp","href":"https:\/\/api.w.org\/{rel}","templated":true}]}}