{"id":246093,"date":"2022-11-02T10:28:35","date_gmt":"2022-11-02T09:28:35","guid":{"rendered":"https:\/\/megacase.com\/?post_type=product&#038;p=246093"},"modified":"2026-03-25T16:28:48","modified_gmt":"2026-03-25T15:28:48","slug":"lp-case-eco-standard-pb","status":"publish","type":"product","link":"https:\/\/megacase.com\/de\/produkt\/lp-case-eco-standard-pb\/","title":{"rendered":"LP Case Eco Standard PB"},"content":{"rendered":"<p>Koffer f\u00fcr 80 LPs<br \/>\nUnverzichtbar f\u00fcr alle DJs im Einsatz.<br \/>\nSchnell und sauber zum transportieren von Schallplatten.<br \/>\nStandard-Gr\u00f6\u00dfe f\u00fcr ca. 80 LP\u00b4s<br \/>\nGebaut wird es aus<br \/>\n6,5 mm Poly-Board<br \/>\nFarbe: schwarz<br \/>\n22&#215;22 mm Alukante<br \/>\n1 Riemengriff<br \/>\n1 Schnappschloss<br \/>\n2 Aush\u00e4ngescharniere<br \/>\nkleine Kugelecken<br \/>\nhergestellt in Deutschland<br \/>\nAu\u00dfenma\u00dfe ca. BxTxH 355x305x350 mm<br \/>\nGewicht ca. 4,2 kg<\/p>\n","protected":false},"excerpt":{"rendered":"<p>Koffer f\u00fcr 80 LPs Unverzichtbar f\u00fcr alle DJs im Einsatz. Schnell und sauber zum transportieren von Schallplatten. Standard-Gr\u00f6\u00dfe f\u00fcr ca.<\/p>\n","protected":false},"featured_media":246098,"template":"","meta":{"_acf_changed":false},"product_brand":[],"product_cat":[13493],"product_tag":[],"class_list":{"0":"post-246093","1":"product","2":"type-product","3":"status-publish","4":"has-post-thumbnail","6":"product_cat-dj-equipment-cases","8":"first","9":"instock","10":"taxable","11":"shipping-taxable","12":"purchasable","13":"product-type-simple"},"acf":[],"_links":{"self":[{"href":"https:\/\/megacase.com\/de\/wp-json\/wp\/v2\/product\/246093","targetHints":{"allow":["GET"]}}],"collection":[{"href":"https:\/\/megacase.com\/de\/wp-json\/wp\/v2\/product"}],"about":[{"href":"https:\/\/megacase.com\/de\/wp-json\/wp\/v2\/types\/product"}],"wp:featuredmedia":[{"embeddable":true,"href":"https:\/\/megacase.com\/de\/wp-json\/wp\/v2\/media\/246098"}],"wp:attachment":[{"href":"https:\/\/megacase.com\/de\/wp-json\/wp\/v2\/media?parent=246093"}],"wp:term":[{"taxonomy":"product_brand","embeddable":true,"href":"https:\/\/megacase.com\/de\/wp-json\/wp\/v2\/product_brand?post=246093"},{"taxonomy":"product_cat","embeddable":true,"href":"https:\/\/megacase.com\/de\/wp-json\/wp\/v2\/product_cat?post=246093"},{"taxonomy":"product_tag","embeddable":true,"href":"https:\/\/megacase.com\/de\/wp-json\/wp\/v2\/product_tag?post=246093"}],"curies":[{"name":"wp","href":"https:\/\/api.w.org\/{rel}","templated":true}]}}