{"id":246026,"date":"2022-11-02T09:35:06","date_gmt":"2022-11-02T08:35:06","guid":{"rendered":"https:\/\/megacase.com\/?post_type=product&#038;p=246026"},"modified":"2026-04-09T14:21:13","modified_gmt":"2026-04-09T12:21:13","slug":"live-inlay-case-black","status":"publish","type":"product","link":"https:\/\/megacase.com\/de\/produkt\/live-inlay-case-black\/","title":{"rendered":"Koffercase Live System Inlay schwarz"},"content":{"rendered":"<p>Dieser handliche, kompakte und robuste Koffer ist die ideale L\u00f6sung f\u00fcr den Einsatz mit einem System-Inlay mit zweifarbigem Schaumstoff.<br \/>\nEr bietet optimalen Schutz und flexible Einsatzm\u00f6glichkeiten f\u00fcr verschiedenste Anwendungen.<\/p>\n<p>Das Case wird ohne Inlay geliefert &#8211; passende Inlays sind optional als Zubeh\u00f6r erh\u00e4ltlich und k\u00f6nnen individuell an Ihre Anforderungen angepasst werden.<br \/>\nIm Deckel sorgt integrierter Noppenschaumstoff f\u00fcr zus\u00e4tzlichen Schutz und sicheren Halt des Inhalts w\u00e4hrend des Transports.<\/p>\n<p>Ausstattung:<br \/>\n6,8 mm Multiplex Holz schwarz RAL 9004<br \/>\n22&#215;22 mm Aluminiumprofil<br \/>\n4 L-Ecken klein<br \/>\n2 Butterfly Verschl\u00fcsse mini<br \/>\n2 Feststellscharniere gro\u00df<br \/>\n1 Koffergriff<br \/>\n8 Stahlkugelecken<br \/>\nNoppenschaumstoff im Deckel<\/p>\n<p>** Hinweis: abgebildete Inlay dienen nur der Veranschaulichung und sind KEIN Bestandteil des Angebotes.<\/p>\n<p>Hergestellt in Deutschland<br \/>\nAu\u00dfenma\u00dfe ca. BxTxH 445x415x130 mm<br \/>\nGewicht ca. 4,3 kg<\/p>\n","protected":false},"excerpt":{"rendered":"<p>Dieser handliche, kompakte und robuste Koffer ist die ideale L\u00f6sung f\u00fcr den Einsatz mit einem System-Inlay mit zweifarbigem Schaumstoff. Er<\/p>\n","protected":false},"featured_media":246073,"template":"","meta":{"_acf_changed":false},"product_brand":[],"product_cat":[15747],"product_tag":[],"class_list":{"0":"post-246026","1":"product","2":"type-product","3":"status-publish","4":"has-post-thumbnail","6":"product_cat-mikrofon-cases","8":"first","9":"instock","10":"taxable","11":"shipping-taxable","12":"purchasable","13":"product-type-simple"},"acf":[],"_links":{"self":[{"href":"https:\/\/megacase.com\/de\/wp-json\/wp\/v2\/product\/246026","targetHints":{"allow":["GET"]}}],"collection":[{"href":"https:\/\/megacase.com\/de\/wp-json\/wp\/v2\/product"}],"about":[{"href":"https:\/\/megacase.com\/de\/wp-json\/wp\/v2\/types\/product"}],"wp:featuredmedia":[{"embeddable":true,"href":"https:\/\/megacase.com\/de\/wp-json\/wp\/v2\/media\/246073"}],"wp:attachment":[{"href":"https:\/\/megacase.com\/de\/wp-json\/wp\/v2\/media?parent=246026"}],"wp:term":[{"taxonomy":"product_brand","embeddable":true,"href":"https:\/\/megacase.com\/de\/wp-json\/wp\/v2\/product_brand?post=246026"},{"taxonomy":"product_cat","embeddable":true,"href":"https:\/\/megacase.com\/de\/wp-json\/wp\/v2\/product_cat?post=246026"},{"taxonomy":"product_tag","embeddable":true,"href":"https:\/\/megacase.com\/de\/wp-json\/wp\/v2\/product_tag?post=246026"}],"curies":[{"name":"wp","href":"https:\/\/api.w.org\/{rel}","templated":true}]}}