{"id":245985,"date":"2022-11-02T08:49:58","date_gmt":"2022-11-02T07:49:58","guid":{"rendered":"https:\/\/megacase.com\/?post_type=product&#038;p=245985"},"modified":"2026-03-25T16:28:49","modified_gmt":"2026-03-25T15:28:49","slug":"eco-inlay-case-black","status":"publish","type":"product","link":"https:\/\/megacase.com\/de\/produkt\/eco-inlay-case-black\/","title":{"rendered":"System Inlay Eco Case Black"},"content":{"rendered":"<p>Eco Koffer f\u00fcr Gefr\u00e4stes Schaumstoffinlay<\/p>\n<p>Handlicher Koffer f\u00fcr das Inlay System mit zweifarbigem Schaumstoff.<br \/>\nDas Case wird ohne Inlay geliefert. Dieses erhalten Sie optional als Zubeh\u00f6r.<br \/>\naus 6,8 mm Multiplex Holz beschichtet<br \/>\nFarbe Schwarz<br \/>\n22&#215;22 mm Alukante<br \/>\n2 Schnappschl\u00f6sser<br \/>\n1 Koffergriff mit verchromter Abdeckkappe<br \/>\n2 Feststellscharniere<br \/>\n8 Stahlkugelecken<br \/>\naus 6,8 mm Multiplex Holz beschichtet<br \/>\nhergestellt in Deutschland<br \/>\nAu\u00dfenma\u00dfe ca. BxTxH 445x415x130 mm<br \/>\nGewicht ca. 4,3 kg<\/p>\n","protected":false},"excerpt":{"rendered":"<p>Eco Koffer f\u00fcr Gefr\u00e4stes Schaumstoffinlay Handlicher Koffer f\u00fcr das Inlay System mit zweifarbigem Schaumstoff. Das Case wird ohne Inlay geliefert.<\/p>\n","protected":false},"featured_media":246008,"template":"","meta":{"_acf_changed":false},"product_brand":[],"product_cat":[15747],"product_tag":[],"class_list":{"0":"post-245985","1":"product","2":"type-product","3":"status-publish","4":"has-post-thumbnail","6":"product_cat-mikrofon-cases","8":"first","9":"instock","10":"taxable","11":"shipping-taxable","12":"purchasable","13":"product-type-simple"},"acf":[],"_links":{"self":[{"href":"https:\/\/megacase.com\/de\/wp-json\/wp\/v2\/product\/245985","targetHints":{"allow":["GET"]}}],"collection":[{"href":"https:\/\/megacase.com\/de\/wp-json\/wp\/v2\/product"}],"about":[{"href":"https:\/\/megacase.com\/de\/wp-json\/wp\/v2\/types\/product"}],"wp:featuredmedia":[{"embeddable":true,"href":"https:\/\/megacase.com\/de\/wp-json\/wp\/v2\/media\/246008"}],"wp:attachment":[{"href":"https:\/\/megacase.com\/de\/wp-json\/wp\/v2\/media?parent=245985"}],"wp:term":[{"taxonomy":"product_brand","embeddable":true,"href":"https:\/\/megacase.com\/de\/wp-json\/wp\/v2\/product_brand?post=245985"},{"taxonomy":"product_cat","embeddable":true,"href":"https:\/\/megacase.com\/de\/wp-json\/wp\/v2\/product_cat?post=245985"},{"taxonomy":"product_tag","embeddable":true,"href":"https:\/\/megacase.com\/de\/wp-json\/wp\/v2\/product_tag?post=245985"}],"curies":[{"name":"wp","href":"https:\/\/api.w.org\/{rel}","templated":true}]}}