{"id":245762,"date":"2022-10-28T12:05:57","date_gmt":"2022-10-28T10:05:57","guid":{"rendered":"https:\/\/megacase.com\/?post_type=product&#038;p=245762"},"modified":"2026-03-25T16:28:50","modified_gmt":"2026-03-25T15:28:50","slug":"flightcase-pioneer-cdj-2000-nxs2-pb","status":"publish","type":"product","link":"https:\/\/megacase.com\/de\/produkt\/flightcase-pioneer-cdj-2000-nxs2-pb\/","title":{"rendered":"Flightcase Pioneer CDJ 2000 NXS2 PB"},"content":{"rendered":"<p>Neues CD Player Case f\u00fcr einen Pioneer CDJ 2000 NXS 2.<br \/>\nDie Anschl\u00fcsse des Nexus sind bei ge\u00f6ffnetem Flightcase frei zug\u00e4nglich.<br \/>\naus 6,5mm Polyboard schwarz<br \/>\n25&#215;25 mm Aluminiumprofil,<br \/>\n2 Butterfly Verschluss,<br \/>\n1 Koffergriff,<br \/>\n8 Stahlkugelecken,<br \/>\nSchaumstoffpolsterung nach Ma\u00df im Boden und Deckel,<br \/>\n4 Gummif\u00fc\u00dfe 25&#215;15 mm<br \/>\ndas Ger\u00e4t kann im Case bedient werden,<br \/>\n10 cm Kabelkanal,<br \/>\nHergestellt in Deutschland,<br \/>\nAu\u00dfenma\u00dfe: BxTxH 405x555x185 mm,<br \/>\nGewicht: 5,6 kg<br \/>\nHinweis: Abgebildete Ger\u00e4te und Instrumente dienen lediglich der Veranschaulichung und sind nicht Bestandteil des Angebotes.<\/p>\n<p>mit Nexus 11,8 kg<\/p>\n","protected":false},"excerpt":{"rendered":"<p>Neues CD Player Case f\u00fcr einen Pioneer CDJ 2000 NXS 2. Die Anschl\u00fcsse des Nexus sind bei ge\u00f6ffnetem Flightcase frei<\/p>\n","protected":false},"featured_media":245789,"template":"","meta":{"_acf_changed":false},"product_brand":[],"product_cat":[13493],"product_tag":[],"class_list":{"0":"post-245762","1":"product","2":"type-product","3":"status-publish","4":"has-post-thumbnail","6":"product_cat-dj-equipment-cases","8":"first","9":"instock","10":"taxable","11":"shipping-taxable","12":"purchasable","13":"product-type-simple"},"acf":[],"_links":{"self":[{"href":"https:\/\/megacase.com\/de\/wp-json\/wp\/v2\/product\/245762","targetHints":{"allow":["GET"]}}],"collection":[{"href":"https:\/\/megacase.com\/de\/wp-json\/wp\/v2\/product"}],"about":[{"href":"https:\/\/megacase.com\/de\/wp-json\/wp\/v2\/types\/product"}],"wp:featuredmedia":[{"embeddable":true,"href":"https:\/\/megacase.com\/de\/wp-json\/wp\/v2\/media\/245789"}],"wp:attachment":[{"href":"https:\/\/megacase.com\/de\/wp-json\/wp\/v2\/media?parent=245762"}],"wp:term":[{"taxonomy":"product_brand","embeddable":true,"href":"https:\/\/megacase.com\/de\/wp-json\/wp\/v2\/product_brand?post=245762"},{"taxonomy":"product_cat","embeddable":true,"href":"https:\/\/megacase.com\/de\/wp-json\/wp\/v2\/product_cat?post=245762"},{"taxonomy":"product_tag","embeddable":true,"href":"https:\/\/megacase.com\/de\/wp-json\/wp\/v2\/product_tag?post=245762"}],"curies":[{"name":"wp","href":"https:\/\/api.w.org\/{rel}","templated":true}]}}