{"id":244958,"date":"2022-10-26T14:33:33","date_gmt":"2022-10-26T12:33:33","guid":{"rendered":"https:\/\/megacase.com\/?post_type=product&#038;p=244958"},"modified":"2026-03-25T16:28:54","modified_gmt":"2026-03-25T15:28:54","slug":"roadcase-behringer-wing-wheels","status":"publish","type":"product","link":"https:\/\/megacase.com\/de\/produkt\/roadcase-behringer-wing-wheels\/","title":{"rendered":"Roadcase Behringer WING + Wheels"},"content":{"rendered":"<p>ma\u00dfgefertiges Case f\u00fcr ein Behringer Wing<br \/>\naus 9 mm Multiplex PVC beschichtet<br \/>\nFarbe: schwarz<br \/>\n30x30mm Alukante<br \/>\n4 Butterfly Verschl\u00fcsse mittel<br \/>\n10 Klappgriffe mittel<br \/>\n8 Kugelecken gro\u00df f\u00fcr 30 mm 2-Loch<br \/>\n8 L-Ecke mittel<br \/>\n1 L\u00fcftungsschale<br \/>\nSchaumstoffpolsterung<br \/>\n10 cm tiefes Dockhouse<br \/>\n4 x 100 mm Lenkrollen \/ 2x gebremst<br \/>\nRutschleisten<br \/>\nWing kann im Unterteil bedient werden<br \/>\nhergestellt in Deutschland<br \/>\nAu\u00dfenma\u00dfe BxTxH 940\u00a0 x 943&#215;325 mm<br \/>\nGewicht: 38 kg<\/p>\n","protected":false},"excerpt":{"rendered":"<p>ma\u00dfgefertiges Case f\u00fcr ein Behringer Wing aus 9 mm Multiplex PVC beschichtet Farbe: schwarz 30x30mm Alukante 4 Butterfly Verschl\u00fcsse mittel<\/p>\n","protected":false},"featured_media":260177,"template":"","meta":{"_acf_changed":false},"product_brand":[],"product_cat":[13495],"product_tag":[],"class_list":{"0":"post-244958","1":"product","2":"type-product","3":"status-publish","4":"has-post-thumbnail","6":"product_cat-mischpult-cases","8":"first","9":"instock","10":"taxable","11":"shipping-taxable","12":"purchasable","13":"product-type-simple"},"acf":[],"_links":{"self":[{"href":"https:\/\/megacase.com\/de\/wp-json\/wp\/v2\/product\/244958","targetHints":{"allow":["GET"]}}],"collection":[{"href":"https:\/\/megacase.com\/de\/wp-json\/wp\/v2\/product"}],"about":[{"href":"https:\/\/megacase.com\/de\/wp-json\/wp\/v2\/types\/product"}],"wp:featuredmedia":[{"embeddable":true,"href":"https:\/\/megacase.com\/de\/wp-json\/wp\/v2\/media\/260177"}],"wp:attachment":[{"href":"https:\/\/megacase.com\/de\/wp-json\/wp\/v2\/media?parent=244958"}],"wp:term":[{"taxonomy":"product_brand","embeddable":true,"href":"https:\/\/megacase.com\/de\/wp-json\/wp\/v2\/product_brand?post=244958"},{"taxonomy":"product_cat","embeddable":true,"href":"https:\/\/megacase.com\/de\/wp-json\/wp\/v2\/product_cat?post=244958"},{"taxonomy":"product_tag","embeddable":true,"href":"https:\/\/megacase.com\/de\/wp-json\/wp\/v2\/product_tag?post=244958"}],"curies":[{"name":"wp","href":"https:\/\/api.w.org\/{rel}","templated":true}]}}