{"id":242969,"date":"2022-09-06T13:47:37","date_gmt":"2022-09-06T11:47:37","guid":{"rendered":"https:\/\/megacase.com\/?post_type=product&#038;p=242969"},"modified":"2026-03-25T16:34:46","modified_gmt":"2026-03-25T15:34:46","slug":"case-18-pairs-sticks-mallets","status":"publish","type":"product","link":"https:\/\/megacase.com\/de\/produkt\/case-18-pairs-sticks-mallets\/","title":{"rendered":"Case 18 Pairs Sticks &amp; Mallets"},"content":{"rendered":"<p>Koffer f\u00fcr Schl\u00e4gel, Mallets oder Sticks (18,5 Paar)<br \/>\nTransportkoffer f\u00fcr 18,5 Paar (37 Einschubl\u00f6cher) Schl\u00e4gel, Mallets oder Sticks,<br \/>\naus 6,8 mm Multiplex Holz,<br \/>\nFarbe Phenolharz beschichtet braun,<br \/>\n22&#215;22 mm Alukante,<br \/>\n2 Butterfly-Verschl\u00fc\u00dfe mini,<br \/>\n2 Riegelverschl\u00fcsse VER16540<br \/>\n1 Riemengriff,<br \/>\n8 Kugelecken klein,<br \/>\n4 Gummif\u00fc\u00dfe 25x15mm,<br \/>\n4 Scharniere 30&#215;28 schwarz,<br \/>\nAufnahme f\u00fcr 23 Schl\u00e4gel oben,<br \/>\nAufnahme f\u00fcr jeweils 7 Schl\u00e4gel seitlich ,<br \/>\nKlappen durch Band fixiert,<br \/>\nhergestellt in Deutschland<br \/>\nAu\u00dfenma\u00dfe BxTxH 555x168x558 mm<br \/>\nGewicht: 7,35 KG<\/p>\n","protected":false},"excerpt":{"rendered":"<p>Koffer f\u00fcr Schl\u00e4gel, Mallets oder Sticks (18,5 Paar) Transportkoffer f\u00fcr 18,5 Paar (37 Einschubl\u00f6cher) Schl\u00e4gel, Mallets oder Sticks, aus 6,8<\/p>\n","protected":false},"featured_media":249956,"template":"","meta":{"_acf_changed":false},"product_brand":[],"product_cat":[15113],"product_tag":[],"class_list":{"0":"post-242969","1":"product","2":"type-product","3":"status-publish","4":"has-post-thumbnail","6":"product_cat-orchester-cases","8":"first","9":"instock","10":"taxable","11":"shipping-taxable","12":"purchasable","13":"product-type-simple"},"acf":[],"_links":{"self":[{"href":"https:\/\/megacase.com\/de\/wp-json\/wp\/v2\/product\/242969","targetHints":{"allow":["GET"]}}],"collection":[{"href":"https:\/\/megacase.com\/de\/wp-json\/wp\/v2\/product"}],"about":[{"href":"https:\/\/megacase.com\/de\/wp-json\/wp\/v2\/types\/product"}],"wp:featuredmedia":[{"embeddable":true,"href":"https:\/\/megacase.com\/de\/wp-json\/wp\/v2\/media\/249956"}],"wp:attachment":[{"href":"https:\/\/megacase.com\/de\/wp-json\/wp\/v2\/media?parent=242969"}],"wp:term":[{"taxonomy":"product_brand","embeddable":true,"href":"https:\/\/megacase.com\/de\/wp-json\/wp\/v2\/product_brand?post=242969"},{"taxonomy":"product_cat","embeddable":true,"href":"https:\/\/megacase.com\/de\/wp-json\/wp\/v2\/product_cat?post=242969"},{"taxonomy":"product_tag","embeddable":true,"href":"https:\/\/megacase.com\/de\/wp-json\/wp\/v2\/product_tag?post=242969"}],"curies":[{"name":"wp","href":"https:\/\/api.w.org\/{rel}","templated":true}]}}