{"id":242296,"date":"2022-09-05T14:48:23","date_gmt":"2022-09-05T12:48:23","guid":{"rendered":"https:\/\/megacase.com\/?post_type=product&#038;p=242296"},"modified":"2026-03-25T16:34:51","modified_gmt":"2026-03-25T15:34:51","slug":"studio-rack-20u-beech-media","status":"publish","type":"product","link":"https:\/\/megacase.com\/de\/produkt\/studio-rack-20u-beech-media\/","title":{"rendered":"Studio Rack 20U beech Media"},"content":{"rendered":"<p>Material: 19 mm M\u00f6bel Dekorplatte beschichtet<br \/>\nNutzh\u00f6he: 20HE<br \/>\nEinbautiefe: 54 cm<br \/>\nRackschiene hinten: 12HE<br \/>\nmit M\u00f6belsockel<br \/>\nunter dem Sockel 4x 80 mm Rollen<br \/>\nabschlie\u00dfbarer Rollladen in mattem Alu-Design vorne<br \/>\ngro\u00dfe abschlie\u00dfbare Servicet\u00fcr hinten<br \/>\nKabelauslass links und rechts<br \/>\nAu\u00dfenma\u00dfe (B x T x H): 540 x 630 x 1150 mm<br \/>\nGewicht: 40,4 kg<br \/>\nFarbe: Buche<br \/>\ninkl. Schraubensatz<br \/>\nhergestellt in Deutschland<\/p>\n","protected":false},"excerpt":{"rendered":"<p>Material: 19 mm M\u00f6bel Dekorplatte beschichtet Nutzh\u00f6he: 20HE Einbautiefe: 54 cm Rackschiene hinten: 12HE mit M\u00f6belsockel unter dem Sockel 4x<\/p>\n","protected":false},"featured_media":242333,"template":"","meta":{"_acf_changed":false},"product_brand":[],"product_cat":[15472],"product_tag":[],"class_list":{"0":"post-242296","1":"product","2":"type-product","3":"status-publish","4":"has-post-thumbnail","6":"product_cat-studio-equipment-2","8":"first","9":"instock","10":"taxable","11":"shipping-taxable","12":"purchasable","13":"product-type-simple"},"acf":[],"_links":{"self":[{"href":"https:\/\/megacase.com\/de\/wp-json\/wp\/v2\/product\/242296","targetHints":{"allow":["GET"]}}],"collection":[{"href":"https:\/\/megacase.com\/de\/wp-json\/wp\/v2\/product"}],"about":[{"href":"https:\/\/megacase.com\/de\/wp-json\/wp\/v2\/types\/product"}],"wp:featuredmedia":[{"embeddable":true,"href":"https:\/\/megacase.com\/de\/wp-json\/wp\/v2\/media\/242333"}],"wp:attachment":[{"href":"https:\/\/megacase.com\/de\/wp-json\/wp\/v2\/media?parent=242296"}],"wp:term":[{"taxonomy":"product_brand","embeddable":true,"href":"https:\/\/megacase.com\/de\/wp-json\/wp\/v2\/product_brand?post=242296"},{"taxonomy":"product_cat","embeddable":true,"href":"https:\/\/megacase.com\/de\/wp-json\/wp\/v2\/product_cat?post=242296"},{"taxonomy":"product_tag","embeddable":true,"href":"https:\/\/megacase.com\/de\/wp-json\/wp\/v2\/product_tag?post=242296"}],"curies":[{"name":"wp","href":"https:\/\/api.w.org\/{rel}","templated":true}]}}