{"id":242210,"date":"2022-09-05T14:35:26","date_gmt":"2022-09-05T12:35:26","guid":{"rendered":"https:\/\/megacase.com\/?post_type=product&#038;p=242210"},"modified":"2026-03-25T16:34:52","modified_gmt":"2026-03-25T15:34:52","slug":"studio-l-rack-17u-media-beech","status":"publish","type":"product","link":"https:\/\/megacase.com\/de\/produkt\/studio-l-rack-17u-media-beech\/","title":{"rendered":"Studio L-Rack 17U Media beech"},"content":{"rendered":"<p>17 HE Nutzh\u00f6he vorne<br \/>\n11 HE Nutzh\u00f6he hinten<br \/>\n11 HE Nutztiefe oben<br \/>\n54 cm Einbautiefe<br \/>\nMaterial: 19 mm Melamin-beschichtete M\u00f6belplatte<br \/>\nmit M\u00f6belsockel<br \/>\n4 80 mm Rollen unter dem Sockel<br \/>\nabschlie\u00dfbarer Rolladen in Aluminium Design vorne<br \/>\ngro\u00dfe abschlie\u00dfbare Serviceklappe hinten<br \/>\n80 mm Kabeldurchf\u00fchrung an beiden Seiten<br \/>\nMa\u00dfe (B x T x H): 54 x 66 x 112 cm<br \/>\nGewicht ca.: 49,1 kg<br \/>\nFarbe: Buche Dekor<br \/>\ninkl. Schraubensatz,<br \/>\nhergestellt in Deutschland<\/p>\n","protected":false},"excerpt":{"rendered":"<p>17 HE Nutzh\u00f6he vorne 11 HE Nutzh\u00f6he hinten 11 HE Nutztiefe oben 54 cm Einbautiefe Material: 19 mm Melamin-beschichtete M\u00f6belplatte<\/p>\n","protected":false},"featured_media":242239,"template":"","meta":{"_acf_changed":false},"product_brand":[],"product_cat":[15472],"product_tag":[],"class_list":{"0":"post-242210","1":"product","2":"type-product","3":"status-publish","4":"has-post-thumbnail","6":"product_cat-studio-equipment-2","8":"first","9":"instock","10":"taxable","11":"shipping-taxable","12":"purchasable","13":"product-type-simple"},"acf":[],"_links":{"self":[{"href":"https:\/\/megacase.com\/de\/wp-json\/wp\/v2\/product\/242210","targetHints":{"allow":["GET"]}}],"collection":[{"href":"https:\/\/megacase.com\/de\/wp-json\/wp\/v2\/product"}],"about":[{"href":"https:\/\/megacase.com\/de\/wp-json\/wp\/v2\/types\/product"}],"wp:featuredmedia":[{"embeddable":true,"href":"https:\/\/megacase.com\/de\/wp-json\/wp\/v2\/media\/242239"}],"wp:attachment":[{"href":"https:\/\/megacase.com\/de\/wp-json\/wp\/v2\/media?parent=242210"}],"wp:term":[{"taxonomy":"product_brand","embeddable":true,"href":"https:\/\/megacase.com\/de\/wp-json\/wp\/v2\/product_brand?post=242210"},{"taxonomy":"product_cat","embeddable":true,"href":"https:\/\/megacase.com\/de\/wp-json\/wp\/v2\/product_cat?post=242210"},{"taxonomy":"product_tag","embeddable":true,"href":"https:\/\/megacase.com\/de\/wp-json\/wp\/v2\/product_tag?post=242210"}],"curies":[{"name":"wp","href":"https:\/\/api.w.org\/{rel}","templated":true}]}}