{"id":237870,"date":"2022-07-11T13:22:21","date_gmt":"2022-07-11T11:22:21","guid":{"rendered":"https:\/\/megacase.com\/?post_type=product&#038;p=237870"},"modified":"2026-03-25T16:35:06","modified_gmt":"2026-03-25T15:35:06","slug":"display-multi-case-75-100","status":"publish","type":"product","link":"https:\/\/megacase.com\/de\/produkt\/display-multi-case-75-100\/","title":{"rendered":"Display Multi Case 75-100&#8243;"},"content":{"rendered":"<p>passendes Transportcase f\u00fcr 75-100&#8243; Displays<br \/>\naus 9mm Multiplex phenol<br \/>\nFarbe: schwarz<br \/>\n35 x 35 mm Alukante<br \/>\n6 Butterfly-Verschl\u00fcsse gro\u00df<br \/>\n10 Klappgriffe gro\u00df<br \/>\n4 Klappgriffe mittel<br \/>\n4 Lenkrollen gebremst<br \/>\nSchaumstoffpolsterung<br \/>\nInnenausbau zum Transport von einem Display<br \/>\nHergestellt in Deutschland<br \/>\nmax. Ma\u00dfe vom Display BxTxH: 2342 x\u00a0 115 x 1316 mm<br \/>\nAu\u00dfenma\u00dfe BxTxH: ca. 2440x540x1630 mm<br \/>\nGewicht: ca. 152 kg<\/p>\n","protected":false},"excerpt":{"rendered":"<p>passendes Transportcase f\u00fcr 75-100&#8243; Displays aus 9mm Multiplex phenol Farbe: schwarz 35 x 35 mm Alukante 6 Butterfly-Verschl\u00fcsse gro\u00df 10<\/p>\n","protected":false},"featured_media":255655,"template":"","meta":{"_acf_changed":false},"product_brand":[],"product_cat":[13612],"product_tag":[16469],"class_list":{"0":"post-237870","1":"product","2":"type-product","3":"status-publish","4":"has-post-thumbnail","6":"product_cat-display-monitor","7":"product_tag-displaymulti","9":"first","10":"instock","11":"taxable","12":"shipping-taxable","13":"purchasable","14":"product-type-simple"},"acf":[],"_links":{"self":[{"href":"https:\/\/megacase.com\/de\/wp-json\/wp\/v2\/product\/237870","targetHints":{"allow":["GET"]}}],"collection":[{"href":"https:\/\/megacase.com\/de\/wp-json\/wp\/v2\/product"}],"about":[{"href":"https:\/\/megacase.com\/de\/wp-json\/wp\/v2\/types\/product"}],"wp:featuredmedia":[{"embeddable":true,"href":"https:\/\/megacase.com\/de\/wp-json\/wp\/v2\/media\/255655"}],"wp:attachment":[{"href":"https:\/\/megacase.com\/de\/wp-json\/wp\/v2\/media?parent=237870"}],"wp:term":[{"taxonomy":"product_brand","embeddable":true,"href":"https:\/\/megacase.com\/de\/wp-json\/wp\/v2\/product_brand?post=237870"},{"taxonomy":"product_cat","embeddable":true,"href":"https:\/\/megacase.com\/de\/wp-json\/wp\/v2\/product_cat?post=237870"},{"taxonomy":"product_tag","embeddable":true,"href":"https:\/\/megacase.com\/de\/wp-json\/wp\/v2\/product_tag?post=237870"}],"curies":[{"name":"wp","href":"https:\/\/api.w.org\/{rel}","templated":true}]}}