{"id":237538,"date":"2022-07-11T11:37:14","date_gmt":"2022-07-11T09:37:14","guid":{"rendered":"https:\/\/megacase.com\/?post_type=product&#038;p=237538"},"modified":"2026-03-25T16:35:09","modified_gmt":"2026-03-25T15:35:09","slug":"flip-down-case-ah-dlive-c3500-flex","status":"publish","type":"product","link":"https:\/\/megacase.com\/de\/produkt\/flip-down-case-ah-dlive-c3500-flex\/","title":{"rendered":"Flip Down Case A&#038;H dLive C3500 Flex"},"content":{"rendered":"<p>Profi Flipcase auf Rollen f\u00fcr A&amp;H dLive C3500 Mischpult mit abnehmbarer Mischpultkassette<br \/>\naus 9 mm Multiplex pvc beschichtet<br \/>\nFarbe schwarz RAL 9004<br \/>\n4 gro\u00dfe Butterfly Verschl\u00fcsse<br \/>\n8 heavy Klappgriffe<br \/>\n2 Kanteneinbaugriffe<br \/>\n8 Kugelecken gro\u00df<br \/>\n3 Winkelscharniere<br \/>\n2 Riegelverschl\u00fcsse f\u00fcr Zubeh\u00f6rf\u00e4cher<br \/>\n4 Anschraubscharnier<br \/>\n4 Lenkrollen 100 mm davon sind 2 gebremst<br \/>\nSchaumstoffpolsterung<br \/>\n2 x Seitenwangen passend f\u00fcr A&amp;H dLive C3500<br \/>\nSicherrngsschraube<br \/>\nKabeldurchlass im Dockhouse<br \/>\n2 Gasdruckfedern<br \/>\n4 Dockhouseverschl\u00fcsse davon ist 1 abschlie\u00dfbar<br \/>\n4 Gummif\u00fc\u00dfe 38&#215;20 mm<br \/>\n2 Zubeh\u00f6rfacher<br \/>\n1 Adapterrohr f\u00fcr Monitorarm<br \/>\nhergestellt in Deutschland<br \/>\nAu\u00dfenma\u00dfe BxTxH ca.: 1145 x 565 x 1065 mm<br \/>\nGewicht ca. 91,8 kg<\/p>\n","protected":false},"excerpt":{"rendered":"<p>Profi Flipcase auf Rollen f\u00fcr A&amp;H dLive C3500 Mischpult mit abnehmbarer Mischpultkassette aus 9 mm Multiplex pvc beschichtet Farbe schwarz<\/p>\n","protected":false},"featured_media":237611,"template":"","meta":{"_acf_changed":false},"product_brand":[],"product_cat":[13495],"product_tag":[],"class_list":{"0":"post-237538","1":"product","2":"type-product","3":"status-publish","4":"has-post-thumbnail","6":"product_cat-mischpult-cases","8":"first","9":"instock","10":"taxable","11":"shipping-taxable","12":"purchasable","13":"product-type-simple"},"acf":[],"_links":{"self":[{"href":"https:\/\/megacase.com\/de\/wp-json\/wp\/v2\/product\/237538","targetHints":{"allow":["GET"]}}],"collection":[{"href":"https:\/\/megacase.com\/de\/wp-json\/wp\/v2\/product"}],"about":[{"href":"https:\/\/megacase.com\/de\/wp-json\/wp\/v2\/types\/product"}],"wp:featuredmedia":[{"embeddable":true,"href":"https:\/\/megacase.com\/de\/wp-json\/wp\/v2\/media\/237611"}],"wp:attachment":[{"href":"https:\/\/megacase.com\/de\/wp-json\/wp\/v2\/media?parent=237538"}],"wp:term":[{"taxonomy":"product_brand","embeddable":true,"href":"https:\/\/megacase.com\/de\/wp-json\/wp\/v2\/product_brand?post=237538"},{"taxonomy":"product_cat","embeddable":true,"href":"https:\/\/megacase.com\/de\/wp-json\/wp\/v2\/product_cat?post=237538"},{"taxonomy":"product_tag","embeddable":true,"href":"https:\/\/megacase.com\/de\/wp-json\/wp\/v2\/product_tag?post=237538"}],"curies":[{"name":"wp","href":"https:\/\/api.w.org\/{rel}","templated":true}]}}