{"id":237494,"date":"2022-07-11T11:28:38","date_gmt":"2022-07-11T09:28:38","guid":{"rendered":"https:\/\/megacase.com\/?post_type=product&#038;p=237494"},"modified":"2026-03-25T16:35:10","modified_gmt":"2026-03-25T15:35:10","slug":"case-2x-bose-sub1-pro32-stand","status":"publish","type":"product","link":"https:\/\/megacase.com\/de\/produkt\/case-2x-bose-sub1-pro32-stand\/","title":{"rendered":"Case 2x Bose Sub1 + Pro32 stand"},"content":{"rendered":"<p>passendes Transportcase f\u00fcr 2 Bose Sub1 inkl. 2 Pro32 Standf\u00fc\u00dfe<br \/>\naus 6,8 mm Multiplex phenolharz beschichtet<br \/>\nFarbe: braun<br \/>\n30 x 30 mm Alukante<br \/>\n2 Butterfly-Verschl\u00fcsse mittel<br \/>\n4 Klappgriffe mittel<br \/>\n3 Feststellscharniere<br \/>\n8 Kugelecken mittel<br \/>\nFachunterteilung f\u00fcr 2 Bose Sub1 und 2 Standf\u00fc\u00dfe Pro 32<br \/>\ninkl. ein gepolstertes Zubeh\u00f6rfach<br \/>\nhergestellt in Deutschland<br \/>\nAu\u00dfenma\u00dfe BxTxH: ca. 1155 x 590 x 798 mm<br \/>\nGewicht: ca. 42,1 kg<\/p>\n","protected":false},"excerpt":{"rendered":"<p>passendes Transportcase f\u00fcr 2 Bose Sub1 inkl. 2 Pro32 Standf\u00fc\u00dfe aus 6,8 mm Multiplex phenolharz beschichtet Farbe: braun 30 x<\/p>\n","protected":false},"featured_media":237531,"template":"","meta":{"_acf_changed":false},"product_brand":[],"product_cat":[13579],"product_tag":[],"class_list":{"0":"post-237494","1":"product","2":"type-product","3":"status-publish","4":"has-post-thumbnail","6":"product_cat-audio-cases","8":"first","9":"instock","10":"taxable","11":"shipping-taxable","12":"purchasable","13":"product-type-simple"},"acf":[],"_links":{"self":[{"href":"https:\/\/megacase.com\/de\/wp-json\/wp\/v2\/product\/237494","targetHints":{"allow":["GET"]}}],"collection":[{"href":"https:\/\/megacase.com\/de\/wp-json\/wp\/v2\/product"}],"about":[{"href":"https:\/\/megacase.com\/de\/wp-json\/wp\/v2\/types\/product"}],"wp:featuredmedia":[{"embeddable":true,"href":"https:\/\/megacase.com\/de\/wp-json\/wp\/v2\/media\/237531"}],"wp:attachment":[{"href":"https:\/\/megacase.com\/de\/wp-json\/wp\/v2\/media?parent=237494"}],"wp:term":[{"taxonomy":"product_brand","embeddable":true,"href":"https:\/\/megacase.com\/de\/wp-json\/wp\/v2\/product_brand?post=237494"},{"taxonomy":"product_cat","embeddable":true,"href":"https:\/\/megacase.com\/de\/wp-json\/wp\/v2\/product_cat?post=237494"},{"taxonomy":"product_tag","embeddable":true,"href":"https:\/\/megacase.com\/de\/wp-json\/wp\/v2\/product_tag?post=237494"}],"curies":[{"name":"wp","href":"https:\/\/api.w.org\/{rel}","templated":true}]}}