{"id":236425,"date":"2022-07-06T09:48:50","date_gmt":"2022-07-06T07:48:50","guid":{"rendered":"https:\/\/megacase.com\/?post_type=product&#038;p=236425"},"modified":"2026-03-25T16:24:00","modified_gmt":"2026-03-25T15:24:00","slug":"l-rack-12u-midas-m32r","status":"publish","type":"product","link":"https:\/\/megacase.com\/de\/produkt\/l-rack-12u-midas-m32r\/","title":{"rendered":"L-Rack 12U Midas M32R"},"content":{"rendered":"<p>Winkelrack passend f\u00fcr ein Midas M32R Live<br \/>\nEinbauh\u00f6he: 12HE<br \/>\ngepolsterte Ablage oben f\u00fcr ein Midas M32R Live<br \/>\n9 mm Multiplex phenolharz beschichtet<br \/>\nFarbe: braun<br \/>\n30 x 30 mm Alukante<br \/>\n8 Butterfly-Verschl\u00fcsse mittel<br \/>\n8 Klappgriffe mittel<br \/>\n8 Kugelecken gro\u00df<br \/>\nhinten eine Serviceklappe<br \/>\n4 Lenkrollen davon 2 gebremst<br \/>\nSchaumstoffpolsterung im Deckel oben<br \/>\nRackschienen vorne<br \/>\nRackschiene hinten 15cm nach innen versetzt<br \/>\nHergestellt in Deutschland<br \/>\nAu\u00dfenma\u00dfe BxTxH: ca. 550 x 850 x 1010 mm<br \/>\nGewicht: ca. 42,7 kg<\/p>\n","protected":false},"excerpt":{"rendered":"<p>Winkelrack passend f\u00fcr ein Midas M32R Live Einbauh\u00f6he: 12HE gepolsterte Ablage oben f\u00fcr ein Midas M32R Live 9 mm Multiplex<\/p>\n","protected":false},"featured_media":236462,"template":"","meta":{"_acf_changed":false},"product_brand":[],"product_cat":[13510],"product_tag":[],"class_list":{"0":"post-236425","1":"product","2":"type-product","3":"status-publish","4":"has-post-thumbnail","6":"product_cat-racks","8":"first","9":"instock","10":"taxable","11":"shipping-taxable","12":"purchasable","13":"product-type-simple"},"acf":[],"_links":{"self":[{"href":"https:\/\/megacase.com\/de\/wp-json\/wp\/v2\/product\/236425","targetHints":{"allow":["GET"]}}],"collection":[{"href":"https:\/\/megacase.com\/de\/wp-json\/wp\/v2\/product"}],"about":[{"href":"https:\/\/megacase.com\/de\/wp-json\/wp\/v2\/types\/product"}],"wp:featuredmedia":[{"embeddable":true,"href":"https:\/\/megacase.com\/de\/wp-json\/wp\/v2\/media\/236462"}],"wp:attachment":[{"href":"https:\/\/megacase.com\/de\/wp-json\/wp\/v2\/media?parent=236425"}],"wp:term":[{"taxonomy":"product_brand","embeddable":true,"href":"https:\/\/megacase.com\/de\/wp-json\/wp\/v2\/product_brand?post=236425"},{"taxonomy":"product_cat","embeddable":true,"href":"https:\/\/megacase.com\/de\/wp-json\/wp\/v2\/product_cat?post=236425"},{"taxonomy":"product_tag","embeddable":true,"href":"https:\/\/megacase.com\/de\/wp-json\/wp\/v2\/product_tag?post=236425"}],"curies":[{"name":"wp","href":"https:\/\/api.w.org\/{rel}","templated":true}]}}