{"id":230515,"date":"2022-01-24T14:48:12","date_gmt":"2022-01-24T13:48:12","guid":{"rendered":"https:\/\/megacase.com\/?post_type=product&#038;p=230515"},"modified":"2026-03-25T16:24:18","modified_gmt":"2026-03-25T15:24:18","slug":"24-imac-case-m1-2021","status":"publish","type":"product","link":"https:\/\/megacase.com\/de\/produkt\/24-imac-case-m1-2021\/","title":{"rendered":"24&#8243; iMac Case M1 2021"},"content":{"rendered":"<p>passendes Transportcase f\u00fcr einen Apple iMac 24&#8243; M1 (Modell 2021)<br \/>\ninkl. F\u00e4cher f\u00fcr Zubeh\u00f6r wie Tastatur, Maus etc.<br \/>\nrechtes Fach 180 x 60 x 280 mm BxTxH,<br \/>\nlinkes Fach 180 x 60 x 185 mm BxTxH<br \/>\n6,8 mm Birkenmultiplex phenolharz beschichtet<br \/>\nFarbe: braun<br \/>\n25&#215;25 mm Alukante<br \/>\n2 gefederte Butterfly-Verschl\u00fcsse medium<br \/>\n3 Klappgriffe mittel<br \/>\n8 Stahlkugelecken mittel<br \/>\n2 Feststellscharniere<br \/>\nSchaumstoffpolsterung<br \/>\n2 gepolsterte Zubeh\u00f6rf\u00e4cher<br \/>\nhergestellt in Deutschland<\/p>\n<p>&nbsp;<\/p>\n<p>Abbildung \u00e4hnlich<\/p>\n","protected":false},"excerpt":{"rendered":"<p>Transportcase f\u00fcr 24\u2033 iMac (ab Modell 2012) inkl. kleinen F\u00e4cher dahinter, rechtes Fach 180 x 60 x 185 mm BxTxH, linkes Fach 180 x 60 x 285 mm BxTxH<\/p>\n","protected":false},"featured_media":230675,"template":"","meta":{"_acf_changed":false},"product_brand":[],"product_cat":[13612],"product_tag":[14243],"class_list":{"0":"post-230515","1":"product","2":"type-product","3":"status-publish","4":"has-post-thumbnail","6":"product_cat-display-monitor","7":"product_tag-apple","9":"first","10":"instock","11":"taxable","12":"shipping-taxable","13":"purchasable","14":"product-type-simple"},"acf":[],"_links":{"self":[{"href":"https:\/\/megacase.com\/de\/wp-json\/wp\/v2\/product\/230515","targetHints":{"allow":["GET"]}}],"collection":[{"href":"https:\/\/megacase.com\/de\/wp-json\/wp\/v2\/product"}],"about":[{"href":"https:\/\/megacase.com\/de\/wp-json\/wp\/v2\/types\/product"}],"wp:featuredmedia":[{"embeddable":true,"href":"https:\/\/megacase.com\/de\/wp-json\/wp\/v2\/media\/230675"}],"wp:attachment":[{"href":"https:\/\/megacase.com\/de\/wp-json\/wp\/v2\/media?parent=230515"}],"wp:term":[{"taxonomy":"product_brand","embeddable":true,"href":"https:\/\/megacase.com\/de\/wp-json\/wp\/v2\/product_brand?post=230515"},{"taxonomy":"product_cat","embeddable":true,"href":"https:\/\/megacase.com\/de\/wp-json\/wp\/v2\/product_cat?post=230515"},{"taxonomy":"product_tag","embeddable":true,"href":"https:\/\/megacase.com\/de\/wp-json\/wp\/v2\/product_tag?post=230515"}],"curies":[{"name":"wp","href":"https:\/\/api.w.org\/{rel}","templated":true}]}}