{"id":230292,"date":"2022-01-18T14:13:19","date_gmt":"2022-01-18T13:13:19","guid":{"rendered":"https:\/\/megacase.com\/?post_type=product&#038;p=230292"},"modified":"2026-03-25T16:24:19","modified_gmt":"2026-03-25T15:24:19","slug":"flightcase-apple-imac-27","status":"publish","type":"product","link":"https:\/\/megacase.com\/de\/produkt\/flightcase-apple-imac-27\/","title":{"rendered":"Flightcase Apple iMac 27"},"content":{"rendered":"<p>Optimlaler Koffer f\u00fcr einen Apple iMac 27&#8243; Computer (ab Modell 2012).<br \/>\nSchnelles und sicheres Transportmedium inkl. F\u00e4cher f\u00fcr Zubeh\u00f6r wie Tastatur, Maus etc.<br \/>\nAus 6,8 mm Wabenkunststoff<br \/>\nFarbe: schwarz<br \/>\nAufbau Trolleygriff<br \/>\nEckeinbaurollen<br \/>\n25&#215;25 mm Alukante<br \/>\n2 Butterfly mittel mit \u00d6se<br \/>\n3 Klappgriff mittel<br \/>\n8 Stahlkugelecken mittel<br \/>\nInnenausbau<br \/>\nSchaumstoff<br \/>\nHergestellt in Deutschland<br \/>\nAu\u00dfenma\u00dfe BxTxH: ca. 730x275x605 mm<br \/>\nGewicht: 12,4 kg<\/p>\n","protected":false},"excerpt":{"rendered":"<p>Optimlaler Koffer f\u00fcr einen Apple iMac 27&#8243; Computer (ab Modell 2012). Schnelles und sicheres Transportmedium inkl. F\u00e4cher f\u00fcr Zubeh\u00f6r wie<\/p>\n","protected":false},"featured_media":230302,"template":"","meta":{"_acf_changed":false},"product_brand":[],"product_cat":[13576],"product_tag":[],"class_list":{"0":"post-230292","1":"product","2":"type-product","3":"status-publish","4":"has-post-thumbnail","6":"product_cat-cases-fuer-computer-und-zubehoer","8":"first","9":"instock","10":"taxable","11":"shipping-taxable","12":"purchasable","13":"product-type-simple"},"acf":[],"_links":{"self":[{"href":"https:\/\/megacase.com\/de\/wp-json\/wp\/v2\/product\/230292","targetHints":{"allow":["GET"]}}],"collection":[{"href":"https:\/\/megacase.com\/de\/wp-json\/wp\/v2\/product"}],"about":[{"href":"https:\/\/megacase.com\/de\/wp-json\/wp\/v2\/types\/product"}],"wp:featuredmedia":[{"embeddable":true,"href":"https:\/\/megacase.com\/de\/wp-json\/wp\/v2\/media\/230302"}],"wp:attachment":[{"href":"https:\/\/megacase.com\/de\/wp-json\/wp\/v2\/media?parent=230292"}],"wp:term":[{"taxonomy":"product_brand","embeddable":true,"href":"https:\/\/megacase.com\/de\/wp-json\/wp\/v2\/product_brand?post=230292"},{"taxonomy":"product_cat","embeddable":true,"href":"https:\/\/megacase.com\/de\/wp-json\/wp\/v2\/product_cat?post=230292"},{"taxonomy":"product_tag","embeddable":true,"href":"https:\/\/megacase.com\/de\/wp-json\/wp\/v2\/product_tag?post=230292"}],"curies":[{"name":"wp","href":"https:\/\/api.w.org\/{rel}","templated":true}]}}