{"id":229400,"date":"2021-11-25T07:53:25","date_gmt":"2021-11-25T06:53:25","guid":{"rendered":"https:\/\/megacase.com\/?post_type=product&#038;p=229400"},"modified":"2026-03-25T16:24:20","modified_gmt":"2026-03-25T15:24:20","slug":"zubehoercase-60x50x50-butterfly-mit-oese","status":"publish","type":"product","link":"https:\/\/megacase.com\/de\/produkt\/zubehoercase-60x50x50-butterfly-mit-oese\/","title":{"rendered":"Zubeh\u00f6rcase 60x50x50 Butterfly mit \u00d6se"},"content":{"rendered":"<p>Stabile Truihe f\u00fcr allerlei Zubeh\u00f6r. Kein Kabelsalat mehr und keine losen Einzelteile.<br \/>\nBringen Sie Ordnung in Ihre Kabel, Werkzeug und Zubeh\u00f6r durch optional erh\u00e4ltliche Rasterschienen und Trennbrettern.<br \/>\nAus 6,5 mm Birkenmultiplex<br \/>\nFarbe Phenolharz beschichtet braun<br \/>\n30x30mm Alukante,<br \/>\n2 gefederte Butterfly Verschl\u00fcsse mit \u00d6se<br \/>\n4 Klappgriffe<br \/>\n4 Stahlkugelecken<br \/>\n4 Stahlkugelecken stapelbar unten<br \/>\nFeststellscharniere.<br \/>\nAu\u00dfenma\u00df BxTxH 645x535x535 mm<br \/>\nGewicht 12,3 kg<br \/>\nHergestellt in Deutschland<\/p>\n<p>passendes Trennwandset unter Artikel: <a href=\"https:\/\/megacase.com\/de\/produkt\/trennwandset-50x50\/\">251871<\/a><\/p>\n","protected":false},"excerpt":{"rendered":"<p>Stabile Truihe f\u00fcr allerlei Zubeh\u00f6r. Kein Kabelsalat mehr und keine losen Einzelteile. Bringen Sie Ordnung in Ihre Kabel, Werkzeug und<\/p>\n","protected":false},"featured_media":188459,"template":"","meta":{"_acf_changed":false},"product_brand":[],"product_cat":[13509],"product_tag":[],"class_list":{"0":"post-229400","1":"product","2":"type-product","3":"status-publish","4":"has-post-thumbnail","6":"product_cat-truhen-cases","8":"first","9":"instock","10":"taxable","11":"shipping-taxable","12":"purchasable","13":"product-type-simple"},"acf":[],"_links":{"self":[{"href":"https:\/\/megacase.com\/de\/wp-json\/wp\/v2\/product\/229400","targetHints":{"allow":["GET"]}}],"collection":[{"href":"https:\/\/megacase.com\/de\/wp-json\/wp\/v2\/product"}],"about":[{"href":"https:\/\/megacase.com\/de\/wp-json\/wp\/v2\/types\/product"}],"wp:featuredmedia":[{"embeddable":true,"href":"https:\/\/megacase.com\/de\/wp-json\/wp\/v2\/media\/188459"}],"wp:attachment":[{"href":"https:\/\/megacase.com\/de\/wp-json\/wp\/v2\/media?parent=229400"}],"wp:term":[{"taxonomy":"product_brand","embeddable":true,"href":"https:\/\/megacase.com\/de\/wp-json\/wp\/v2\/product_brand?post=229400"},{"taxonomy":"product_cat","embeddable":true,"href":"https:\/\/megacase.com\/de\/wp-json\/wp\/v2\/product_cat?post=229400"},{"taxonomy":"product_tag","embeddable":true,"href":"https:\/\/megacase.com\/de\/wp-json\/wp\/v2\/product_tag?post=229400"}],"curies":[{"name":"wp","href":"https:\/\/api.w.org\/{rel}","templated":true}]}}