{"id":229340,"date":"2021-11-23T13:16:51","date_gmt":"2021-11-23T12:16:51","guid":{"rendered":"https:\/\/megacase.com\/?post_type=product&#038;p=229340"},"modified":"2026-03-25T16:24:20","modified_gmt":"2026-03-25T15:24:20","slug":"flightcase-epson-eb-l-serie-2","status":"publish","type":"product","link":"https:\/\/megacase.com\/de\/produkt\/flightcase-epson-eb-l-serie-2\/","title":{"rendered":"Flightcase Epson EB-L Serie"},"content":{"rendered":"<p>Transportkoffer f\u00fcr ein Epson EB-L Beamer inkl. Zubeh\u00f6rfach<br \/>\npassend f\u00fcr folgende Modelle:<br \/>\n520U, 530U, 630U, 630SU, 635SU, 720U, 735U<br \/>\nnicht passend f\u00fcr EB-L690SU<br \/>\naus 6,8 mm Birkenmultiplex phenolharz beschichtet<br \/>\nFarbe: braun<br \/>\n30 x 30 mm Alukante<br \/>\n2 Butterfly-Verschl\u00fcsse mittel<br \/>\n3 Klappgriffe mittel<br \/>\n8 Kugelecken mittel<br \/>\n2 Feststellscharniere<br \/>\nSchaumstoffpolsterung<br \/>\n2 Zubeh\u00f6rf\u00e4cher<br \/>\nhergestellt in Deutschland<br \/>\nAu\u00dfenma\u00dfe BxTxH: ca. 780 x 410 x 238 mm<br \/>\nGewicht: ca.10,3 kg<\/p>\n","protected":false},"excerpt":{"rendered":"<p>Transportkoffer f\u00fcr ein Epson EB-L Beamer inkl. Zubeh\u00f6rfach passend f\u00fcr folgende Modelle: 520U, 530U, 630U, 630SU, 635SU, 720U, 735U nicht<\/p>\n","protected":false},"featured_media":231691,"template":"","meta":{"_acf_changed":false},"product_brand":[],"product_cat":[13553],"product_tag":[13930],"class_list":{"0":"post-229340","1":"product","2":"type-product","3":"status-publish","4":"has-post-thumbnail","6":"product_cat-beamercases-und-zubehoer-koffer","7":"product_tag-beamer","9":"first","10":"instock","11":"taxable","12":"shipping-taxable","13":"purchasable","14":"product-type-simple"},"acf":[],"_links":{"self":[{"href":"https:\/\/megacase.com\/de\/wp-json\/wp\/v2\/product\/229340","targetHints":{"allow":["GET"]}}],"collection":[{"href":"https:\/\/megacase.com\/de\/wp-json\/wp\/v2\/product"}],"about":[{"href":"https:\/\/megacase.com\/de\/wp-json\/wp\/v2\/types\/product"}],"wp:featuredmedia":[{"embeddable":true,"href":"https:\/\/megacase.com\/de\/wp-json\/wp\/v2\/media\/231691"}],"wp:attachment":[{"href":"https:\/\/megacase.com\/de\/wp-json\/wp\/v2\/media?parent=229340"}],"wp:term":[{"taxonomy":"product_brand","embeddable":true,"href":"https:\/\/megacase.com\/de\/wp-json\/wp\/v2\/product_brand?post=229340"},{"taxonomy":"product_cat","embeddable":true,"href":"https:\/\/megacase.com\/de\/wp-json\/wp\/v2\/product_cat?post=229340"},{"taxonomy":"product_tag","embeddable":true,"href":"https:\/\/megacase.com\/de\/wp-json\/wp\/v2\/product_tag?post=229340"}],"curies":[{"name":"wp","href":"https:\/\/api.w.org\/{rel}","templated":true}]}}