{"id":229215,"date":"2021-11-22T15:50:39","date_gmt":"2021-11-22T14:50:39","guid":{"rendered":"https:\/\/megacase.com\/?post_type=product&#038;p=229215"},"modified":"2026-03-25T16:24:21","modified_gmt":"2026-03-25T15:24:21","slug":"flip-down-case-ah-dlive-s5000","status":"publish","type":"product","link":"https:\/\/megacase.com\/de\/produkt\/flip-down-case-ah-dlive-s5000\/","title":{"rendered":"Flip Down Case A&#038;H dLive S5000"},"content":{"rendered":"<p>Profi Flipcase f\u00fcr Allen &amp; Heath dLive S5000 Mischpult mit abnehmbarer Mischpultkassette<br \/>\naus 9 mm Birken Multiplex,<br \/>\nFarbe schwarz RAL 9004,<br \/>\n4 gro\u00dfe Butterfly Verschl\u00fcsse,<br \/>\n8 heavy Klappgriffe,<br \/>\n2 Kanteneinbaugriffe,<br \/>\n8 x Kugelecke gro\u00df,<br \/>\n2 x Riegelverschluss (Frontf\u00e4cher),<br \/>\n2x Blende Riegelverschluss<br \/>\n4 Anschraubscharnier silber,<br \/>\n6x 6-Loch-Scharnier silber<br \/>\n6x Doppel-Scharnier schwarz<br \/>\n4 x Lenkrollen 100 mm davon sind 2 gebremst,<br \/>\n1 x Rollbrett 18 mm,<br \/>\n1x Tourlabelschale<br \/>\nSchaumstoffpolsterung,<br \/>\ngefilzte Leisten,<br \/>\n2 x Seitenwangen passend f\u00fcr dLive S5000,<br \/>\nSicherungsschraube,<br \/>\n2 x Kabeldurchlasse im Dockhouse,<br \/>\n4 x Fr\u00e4sungen f\u00fcr Kabeldurchl\u00e4sse,<br \/>\n2 x Gasdruckfedern,<br \/>\n4 x Dockhouseverschl\u00fcsse davon ist 1 abschlie\u00dfbar,<br \/>\n5 Gummif\u00fc\u00dfe 38&#215;10 mm,<br \/>\n2 Zubeh\u00f6rf\u00e4cher front,<br \/>\n1 Halterung f\u00fcr Monitorarm (#9144)<br \/>\nAu\u00dfenma\u00dfe BxTxH 1385x545x1137 mm,<br \/>\nGewicht: 115,5 kg<br \/>\nHergestellt in Deutschland<\/p>\n","protected":false},"excerpt":{"rendered":"<p>Profi Flipcase f\u00fcr Allen &amp; Heath dLive S5000 Mischpult mit abnehmbarer Mischpultkassette aus 9 mm Birken Multiplex, Farbe schwarz RAL<\/p>\n","protected":false},"featured_media":229288,"template":"","meta":{"_acf_changed":false},"product_brand":[],"product_cat":[13495],"product_tag":[],"class_list":{"0":"post-229215","1":"product","2":"type-product","3":"status-publish","4":"has-post-thumbnail","6":"product_cat-mischpult-cases","8":"first","9":"instock","10":"taxable","11":"shipping-taxable","12":"purchasable","13":"product-type-simple"},"acf":[],"_links":{"self":[{"href":"https:\/\/megacase.com\/de\/wp-json\/wp\/v2\/product\/229215","targetHints":{"allow":["GET"]}}],"collection":[{"href":"https:\/\/megacase.com\/de\/wp-json\/wp\/v2\/product"}],"about":[{"href":"https:\/\/megacase.com\/de\/wp-json\/wp\/v2\/types\/product"}],"wp:featuredmedia":[{"embeddable":true,"href":"https:\/\/megacase.com\/de\/wp-json\/wp\/v2\/media\/229288"}],"wp:attachment":[{"href":"https:\/\/megacase.com\/de\/wp-json\/wp\/v2\/media?parent=229215"}],"wp:term":[{"taxonomy":"product_brand","embeddable":true,"href":"https:\/\/megacase.com\/de\/wp-json\/wp\/v2\/product_brand?post=229215"},{"taxonomy":"product_cat","embeddable":true,"href":"https:\/\/megacase.com\/de\/wp-json\/wp\/v2\/product_cat?post=229215"},{"taxonomy":"product_tag","embeddable":true,"href":"https:\/\/megacase.com\/de\/wp-json\/wp\/v2\/product_tag?post=229215"}],"curies":[{"name":"wp","href":"https:\/\/api.w.org\/{rel}","templated":true}]}}