{"id":229178,"date":"2021-11-22T15:43:30","date_gmt":"2021-11-22T14:43:30","guid":{"rendered":"https:\/\/megacase.com\/?post_type=product&#038;p=229178"},"modified":"2026-03-25T16:24:21","modified_gmt":"2026-03-25T15:24:21","slug":"flightcase-2km-80320","status":"publish","type":"product","link":"https:\/\/megacase.com\/de\/produkt\/flightcase-2km-80320\/","title":{"rendered":"Flightcase 2K&#038;M 80320"},"content":{"rendered":"<p>passend f\u00fcr 2 St\u00fcck K&amp;M 80320 Desinfektionsmittelspender f\u00fcr Eurost\u00e4nder<br \/>\naus 6,8 mm Birkenmultiplex phenolharz beschichtet<br \/>\n30&#215;30 mm Alukante<br \/>\n2 Butterfly Versch\u00fcsse<br \/>\n4 Klappgriffe<br \/>\n4 Feststellscharniere<br \/>\n8 Stahlkugelecken<br \/>\n4 Lenkrollen, davon 2 gebremst<br \/>\nSchaumstoffpolsterung<br \/>\nAu\u00dfenma\u00dfe (B x T x H): ca. 1445 x 435 x 585 mm<br \/>\nGewicht: 23,4 kg<br \/>\nFarbe: Braun<br \/>\nhergestellt in Deutschland<\/p>\n","protected":false},"excerpt":{"rendered":"<p>passend f\u00fcr 2 St\u00fcck K&amp;M 80320 Desinfektionsmittelspender f\u00fcr Eurost\u00e4nder aus 6,8 mm Birkenmultiplex phenolharz beschichtet 30&#215;30 mm Alukante 2 Butterfly<\/p>\n","protected":false},"featured_media":229200,"template":"","meta":{"_acf_changed":false},"product_brand":[],"product_cat":[15072],"product_tag":[],"class_list":{"0":"post-229178","1":"product","2":"type-product","3":"status-publish","4":"has-post-thumbnail","6":"product_cat-sicherheit","8":"first","9":"instock","10":"taxable","11":"shipping-taxable","12":"purchasable","13":"product-type-simple"},"acf":[],"_links":{"self":[{"href":"https:\/\/megacase.com\/de\/wp-json\/wp\/v2\/product\/229178","targetHints":{"allow":["GET"]}}],"collection":[{"href":"https:\/\/megacase.com\/de\/wp-json\/wp\/v2\/product"}],"about":[{"href":"https:\/\/megacase.com\/de\/wp-json\/wp\/v2\/types\/product"}],"wp:featuredmedia":[{"embeddable":true,"href":"https:\/\/megacase.com\/de\/wp-json\/wp\/v2\/media\/229200"}],"wp:attachment":[{"href":"https:\/\/megacase.com\/de\/wp-json\/wp\/v2\/media?parent=229178"}],"wp:term":[{"taxonomy":"product_brand","embeddable":true,"href":"https:\/\/megacase.com\/de\/wp-json\/wp\/v2\/product_brand?post=229178"},{"taxonomy":"product_cat","embeddable":true,"href":"https:\/\/megacase.com\/de\/wp-json\/wp\/v2\/product_cat?post=229178"},{"taxonomy":"product_tag","embeddable":true,"href":"https:\/\/megacase.com\/de\/wp-json\/wp\/v2\/product_tag?post=229178"}],"curies":[{"name":"wp","href":"https:\/\/api.w.org\/{rel}","templated":true}]}}