{"id":227564,"date":"2021-11-20T10:07:13","date_gmt":"2021-11-20T09:07:13","guid":{"rendered":"https:\/\/megacase.com\/?post_type=product&#038;p=227564"},"modified":"2026-03-25T16:24:32","modified_gmt":"2026-03-25T15:24:32","slug":"flightcase-audipack-390746-wheel","status":"publish","type":"product","link":"https:\/\/megacase.com\/de\/produkt\/flightcase-audipack-390746-wheel\/","title":{"rendered":"Flightcase Audipack 390746 + wheel"},"content":{"rendered":"<p>passendes Transportcase f\u00fcr einen Audipack 390746 Display-St\u00e4nder<br \/>\ninkl. herausnehmbares Rack f\u00fcr die S\u00e4ulen<br \/>\n9 mm Birkenmultiplex phenolharz beschichtet<br \/>\nFarbe: braun<br \/>\n30 x 30 mm Alukante<br \/>\n4 Butterfly-Verschl\u00fcsse medium<br \/>\n8 Klappgriffe medium<br \/>\n8 Kugelecken gestuft 30mm<br \/>\n8 L-Eckel 6-Loch<br \/>\npassender Schaumstoffpolsterung<br \/>\nZubeh\u00f6rfach f\u00fcr Vesa-Halterung<br \/>\n4 Lenkrollen davon 2 gebremst<br \/>\nHergestellt in Deutschland<br \/>\nAu\u00dfenma\u00dfe BxTxH: ca. 1390 x 430 x 915 mm<br \/>\nGewicht: ca. 64,2 kg<\/p>\n","protected":false},"excerpt":{"rendered":"<p>passendes Transportcase f\u00fcr einen Audipack 390746 Display-St\u00e4nder inkl. herausnehmbares Rack f\u00fcr die S\u00e4ulen 9 mm Birkenmultiplex phenolharz beschichtet Farbe: braun<\/p>\n","protected":false},"featured_media":227625,"template":"","meta":{"_acf_changed":false},"product_brand":[],"product_cat":[16061],"product_tag":[],"class_list":{"0":"post-227564","1":"product","2":"type-product","3":"status-publish","4":"has-post-thumbnail","6":"product_cat-cases-fuer-video-equipment","8":"first","9":"instock","10":"taxable","11":"shipping-taxable","12":"purchasable","13":"product-type-simple"},"acf":[],"_links":{"self":[{"href":"https:\/\/megacase.com\/de\/wp-json\/wp\/v2\/product\/227564","targetHints":{"allow":["GET"]}}],"collection":[{"href":"https:\/\/megacase.com\/de\/wp-json\/wp\/v2\/product"}],"about":[{"href":"https:\/\/megacase.com\/de\/wp-json\/wp\/v2\/types\/product"}],"wp:featuredmedia":[{"embeddable":true,"href":"https:\/\/megacase.com\/de\/wp-json\/wp\/v2\/media\/227625"}],"wp:attachment":[{"href":"https:\/\/megacase.com\/de\/wp-json\/wp\/v2\/media?parent=227564"}],"wp:term":[{"taxonomy":"product_brand","embeddable":true,"href":"https:\/\/megacase.com\/de\/wp-json\/wp\/v2\/product_brand?post=227564"},{"taxonomy":"product_cat","embeddable":true,"href":"https:\/\/megacase.com\/de\/wp-json\/wp\/v2\/product_cat?post=227564"},{"taxonomy":"product_tag","embeddable":true,"href":"https:\/\/megacase.com\/de\/wp-json\/wp\/v2\/product_tag?post=227564"}],"curies":[{"name":"wp","href":"https:\/\/api.w.org\/{rel}","templated":true}]}}