{"id":227141,"date":"2021-11-19T07:11:50","date_gmt":"2021-11-19T06:11:50","guid":{"rendered":"https:\/\/megacase.com\/?post_type=product&#038;p=227141"},"modified":"2026-03-25T16:26:56","modified_gmt":"2026-03-25T15:26:56","slug":"flip-down-case-midas-pro-1","status":"publish","type":"product","link":"https:\/\/megacase.com\/de\/produkt\/flip-down-case-midas-pro-1\/","title":{"rendered":"Flip Down Case Midas Pro 1"},"content":{"rendered":"<p>Heavy Flip-Case f\u00fcr ein Midas Pro 1 Mischpult<br \/>\nAus 9 mm Birkenmultiplex PVC beschichtet<br \/>\nFarbe: schwarz RAL9004<br \/>\n35&#215;35 mm Alukante<br \/>\n4 Butterfly-Verschl\u00fcsse gro\u00df<br \/>\n8 Klappgriffe heavy<br \/>\n2 Kanteneinbaugriffe<br \/>\n8 gro\u00dfe Kugelecken gestuft<br \/>\n2 Zubeh\u00f6rf\u00e4cher in den T\u00fcren<br \/>\nabgedeckter Kabelkanal hinten<br \/>\n2 Gasdruckfedern<br \/>\n4 Lenkrollen 100 mm davon sind 2 gebremst<br \/>\nSchaumstoffpolsterung<br \/>\nseitliche Aufnahme f\u00fcr Monitor Adapter Artikel 9144<br \/>\nHergestellt in Deutschland<br \/>\nAu\u00dfenma\u00dfe BxTxH 925 x 600 x 1150 mm<br \/>\nGewicht: 83,5 kg<\/p>\n","protected":false},"excerpt":{"rendered":"<p>Heavy Flip-Case f\u00fcr ein Midas Pro 1 Mischpult Aus 9 mm Birkenmultiplex PVC beschichtet Farbe: schwarz RAL9004 35&#215;35 mm Alukante<\/p>\n","protected":false},"featured_media":227202,"template":"","meta":{"_acf_changed":false},"product_brand":[],"product_cat":[13495],"product_tag":[],"class_list":{"0":"post-227141","1":"product","2":"type-product","3":"status-publish","4":"has-post-thumbnail","6":"product_cat-mischpult-cases","8":"first","9":"instock","10":"taxable","11":"shipping-taxable","12":"purchasable","13":"product-type-simple"},"acf":[],"_links":{"self":[{"href":"https:\/\/megacase.com\/de\/wp-json\/wp\/v2\/product\/227141","targetHints":{"allow":["GET"]}}],"collection":[{"href":"https:\/\/megacase.com\/de\/wp-json\/wp\/v2\/product"}],"about":[{"href":"https:\/\/megacase.com\/de\/wp-json\/wp\/v2\/types\/product"}],"wp:featuredmedia":[{"embeddable":true,"href":"https:\/\/megacase.com\/de\/wp-json\/wp\/v2\/media\/227202"}],"wp:attachment":[{"href":"https:\/\/megacase.com\/de\/wp-json\/wp\/v2\/media?parent=227141"}],"wp:term":[{"taxonomy":"product_brand","embeddable":true,"href":"https:\/\/megacase.com\/de\/wp-json\/wp\/v2\/product_brand?post=227141"},{"taxonomy":"product_cat","embeddable":true,"href":"https:\/\/megacase.com\/de\/wp-json\/wp\/v2\/product_cat?post=227141"},{"taxonomy":"product_tag","embeddable":true,"href":"https:\/\/megacase.com\/de\/wp-json\/wp\/v2\/product_tag?post=227141"}],"curies":[{"name":"wp","href":"https:\/\/api.w.org\/{rel}","templated":true}]}}